{"id":106,"date":"2015-02-24T09:10:50","date_gmt":"2015-02-24T09:10:50","guid":{"rendered":"https:\/\/www.edenn.fr\/archive\/?page_id=106"},"modified":"2024-07-24T12:17:33","modified_gmt":"2024-07-24T12:17:33","slug":"info-tourisme","status":"publish","type":"page","link":"https:\/\/www.edenn.fr\/archive\/lerdre\/loisirs\/info-tourisme\/","title":{"rendered":"Tourisme"},"content":{"rendered":"","protected":false},"excerpt":{"rendered":"<p>L\u2019Erdre offre un territoire de d\u00e9couverte riche : Randonn\u00e9es, d\u00e9couvertes de la faune et de la flore, rendez-vous culturels, location de bateaux, en voici un petit aper\u00e7u.<\/p>\n","protected":false},"author":2,"featured_media":0,"parent":4930,"menu_order":5,"comment_status":"open","ping_status":"open","template":"template\/standard.php","meta":{"_acf_changed":false,"footnotes":""},"class_list":["post-106","page","type-page","status-publish","hentry"],"acf":[],"yoast_head":"<!-- This site is optimized with the Yoast SEO plugin v27.4 - https:\/\/yoast.com\/product\/yoast-seo-wordpress\/ -->\n<title>Tourisme - Edenn<\/title>\n<meta name=\"description\" content=\"L\u2019Erdre offre un territoire de d\u00e9couverte riche : Randonn\u00e9es, d\u00e9couvertes de la faune et de la flore, rendez-vous culturels, location de bateaux etc.\" \/>\n<meta name=\"robots\" content=\"index, follow, max-snippet:-1, max-image-preview:large, max-video-preview:-1\" \/>\n<link rel=\"canonical\" href=\"https:\/\/www.edenn.fr\/archive\/lerdre\/loisirs\/info-tourisme\/\" \/>\n<meta property=\"og:locale\" content=\"fr_FR\" \/>\n<meta property=\"og:type\" content=\"article\" \/>\n<meta property=\"og:title\" content=\"Tourisme - Edenn\" \/>\n<meta property=\"og:description\" content=\"L\u2019Erdre offre un territoire de d\u00e9couverte riche : Randonn\u00e9es, d\u00e9couvertes de la faune et de la flore, rendez-vous culturels, location de bateaux etc.\" \/>\n<meta property=\"og:url\" content=\"https:\/\/www.edenn.fr\/archive\/lerdre\/loisirs\/info-tourisme\/\" \/>\n<meta property=\"og:site_name\" content=\"Edenn\" \/>\n<meta property=\"article:publisher\" content=\"https:\/\/www.facebook.com\/pages\/EDENN-sur-Erdre\/193293197413477?ref=hl\" \/>\n<meta property=\"article:modified_time\" content=\"2024-07-24T12:17:33+00:00\" \/>\n<script type=\"application\/ld+json\" class=\"yoast-schema-graph\">{\"@context\":\"https:\\\/\\\/schema.org\",\"@graph\":[{\"@type\":\"WebPage\",\"@id\":\"https:\\\/\\\/www.edenn.fr\\\/archive\\\/lerdre\\\/loisirs\\\/info-tourisme\\\/\",\"url\":\"https:\\\/\\\/www.edenn.fr\\\/archive\\\/lerdre\\\/loisirs\\\/info-tourisme\\\/\",\"name\":\"Tourisme - Edenn\",\"isPartOf\":{\"@id\":\"https:\\\/\\\/www.edenn.fr\\\/archive\\\/#website\"},\"datePublished\":\"2015-02-24T09:10:50+00:00\",\"dateModified\":\"2024-07-24T12:17:33+00:00\",\"description\":\"L\u2019Erdre offre un territoire de d\u00e9couverte riche : Randonn\u00e9es, d\u00e9couvertes de la faune et de la flore, rendez-vous culturels, location de bateaux etc.\",\"breadcrumb\":{\"@id\":\"https:\\\/\\\/www.edenn.fr\\\/archive\\\/lerdre\\\/loisirs\\\/info-tourisme\\\/#breadcrumb\"},\"inLanguage\":\"fr-FR\",\"potentialAction\":[{\"@type\":\"ReadAction\",\"target\":[\"https:\\\/\\\/www.edenn.fr\\\/archive\\\/lerdre\\\/loisirs\\\/info-tourisme\\\/\"]}]},{\"@type\":\"BreadcrumbList\",\"@id\":\"https:\\\/\\\/www.edenn.fr\\\/archive\\\/lerdre\\\/loisirs\\\/info-tourisme\\\/#breadcrumb\",\"itemListElement\":[{\"@type\":\"ListItem\",\"position\":1,\"name\":\"Accueil\",\"item\":\"https:\\\/\\\/www.edenn.fr\\\/archive\\\/\"},{\"@type\":\"ListItem\",\"position\":2,\"name\":\"Erdre\",\"item\":\"https:\\\/\\\/www.edenn.fr\\\/archive\\\/lerdre\\\/\"},{\"@type\":\"ListItem\",\"position\":3,\"name\":\"Loisirs\",\"item\":\"https:\\\/\\\/www.edenn.fr\\\/archive\\\/lerdre\\\/loisirs\\\/\"},{\"@type\":\"ListItem\",\"position\":4,\"name\":\"Tourisme\"}]},{\"@type\":\"WebSite\",\"@id\":\"https:\\\/\\\/www.edenn.fr\\\/archive\\\/#website\",\"url\":\"https:\\\/\\\/www.edenn.fr\\\/archive\\\/\",\"name\":\"Edenn\",\"description\":\"Ensemble pour la reconqu\u00eate de l&#039;Erdre\",\"potentialAction\":[{\"@type\":\"SearchAction\",\"target\":{\"@type\":\"EntryPoint\",\"urlTemplate\":\"https:\\\/\\\/www.edenn.fr\\\/archive\\\/?s={search_term_string}\"},\"query-input\":{\"@type\":\"PropertyValueSpecification\",\"valueRequired\":true,\"valueName\":\"search_term_string\"}}],\"inLanguage\":\"fr-FR\"}]}<\/script>\n<!-- \/ Yoast SEO plugin. -->","yoast_head_json":{"title":"Tourisme - Edenn","description":"L\u2019Erdre offre un territoire de d\u00e9couverte riche : Randonn\u00e9es, d\u00e9couvertes de la faune et de la flore, rendez-vous culturels, location de bateaux etc.","robots":{"index":"index","follow":"follow","max-snippet":"max-snippet:-1","max-image-preview":"max-image-preview:large","max-video-preview":"max-video-preview:-1"},"canonical":"https:\/\/www.edenn.fr\/archive\/lerdre\/loisirs\/info-tourisme\/","og_locale":"fr_FR","og_type":"article","og_title":"Tourisme - Edenn","og_description":"L\u2019Erdre offre un territoire de d\u00e9couverte riche : Randonn\u00e9es, d\u00e9couvertes de la faune et de la flore, rendez-vous culturels, location de bateaux etc.","og_url":"https:\/\/www.edenn.fr\/archive\/lerdre\/loisirs\/info-tourisme\/","og_site_name":"Edenn","article_publisher":"https:\/\/www.facebook.com\/pages\/EDENN-sur-Erdre\/193293197413477?ref=hl","article_modified_time":"2024-07-24T12:17:33+00:00","schema":{"@context":"https:\/\/schema.org","@graph":[{"@type":"WebPage","@id":"https:\/\/www.edenn.fr\/archive\/lerdre\/loisirs\/info-tourisme\/","url":"https:\/\/www.edenn.fr\/archive\/lerdre\/loisirs\/info-tourisme\/","name":"Tourisme - Edenn","isPartOf":{"@id":"https:\/\/www.edenn.fr\/archive\/#website"},"datePublished":"2015-02-24T09:10:50+00:00","dateModified":"2024-07-24T12:17:33+00:00","description":"L\u2019Erdre offre un territoire de d\u00e9couverte riche : Randonn\u00e9es, d\u00e9couvertes de la faune et de la flore, rendez-vous culturels, location de bateaux etc.","breadcrumb":{"@id":"https:\/\/www.edenn.fr\/archive\/lerdre\/loisirs\/info-tourisme\/#breadcrumb"},"inLanguage":"fr-FR","potentialAction":[{"@type":"ReadAction","target":["https:\/\/www.edenn.fr\/archive\/lerdre\/loisirs\/info-tourisme\/"]}]},{"@type":"BreadcrumbList","@id":"https:\/\/www.edenn.fr\/archive\/lerdre\/loisirs\/info-tourisme\/#breadcrumb","itemListElement":[{"@type":"ListItem","position":1,"name":"Accueil","item":"https:\/\/www.edenn.fr\/archive\/"},{"@type":"ListItem","position":2,"name":"Erdre","item":"https:\/\/www.edenn.fr\/archive\/lerdre\/"},{"@type":"ListItem","position":3,"name":"Loisirs","item":"https:\/\/www.edenn.fr\/archive\/lerdre\/loisirs\/"},{"@type":"ListItem","position":4,"name":"Tourisme"}]},{"@type":"WebSite","@id":"https:\/\/www.edenn.fr\/archive\/#website","url":"https:\/\/www.edenn.fr\/archive\/","name":"Edenn","description":"Ensemble pour la reconqu\u00eate de l&#039;Erdre","potentialAction":[{"@type":"SearchAction","target":{"@type":"EntryPoint","urlTemplate":"https:\/\/www.edenn.fr\/archive\/?s={search_term_string}"},"query-input":{"@type":"PropertyValueSpecification","valueRequired":true,"valueName":"search_term_string"}}],"inLanguage":"fr-FR"}]}},"_links":{"self":[{"href":"https:\/\/www.edenn.fr\/archive\/wp-json\/wp\/v2\/pages\/106","targetHints":{"allow":["GET"]}}],"collection":[{"href":"https:\/\/www.edenn.fr\/archive\/wp-json\/wp\/v2\/pages"}],"about":[{"href":"https:\/\/www.edenn.fr\/archive\/wp-json\/wp\/v2\/types\/page"}],"author":[{"embeddable":true,"href":"https:\/\/www.edenn.fr\/archive\/wp-json\/wp\/v2\/users\/2"}],"replies":[{"embeddable":true,"href":"https:\/\/www.edenn.fr\/archive\/wp-json\/wp\/v2\/comments?post=106"}],"version-history":[{"count":39,"href":"https:\/\/www.edenn.fr\/archive\/wp-json\/wp\/v2\/pages\/106\/revisions"}],"predecessor-version":[{"id":10362,"href":"https:\/\/www.edenn.fr\/archive\/wp-json\/wp\/v2\/pages\/106\/revisions\/10362"}],"up":[{"embeddable":true,"href":"https:\/\/www.edenn.fr\/archive\/wp-json\/wp\/v2\/pages\/4930"}],"wp:attachment":[{"href":"https:\/\/www.edenn.fr\/archive\/wp-json\/wp\/v2\/media?parent=106"}],"curies":[{"name":"wp","href":"https:\/\/api.w.org\/{rel}","templated":true}]}}