{"id":114,"date":"2015-02-24T09:31:18","date_gmt":"2015-02-24T09:31:18","guid":{"rendered":"https:\/\/www.edenn.fr\/archive\/?page_id=114"},"modified":"2023-10-13T15:59:20","modified_gmt":"2023-10-13T15:59:20","slug":"carte-didentite-du-territoire","status":"publish","type":"page","link":"https:\/\/www.edenn.fr\/archive\/lerdre\/le-territoire\/carte-didentite-du-territoire\/","title":{"rendered":"Carte d&rsquo;identit\u00e9 du territoire, bassin versant de l&rsquo;Erdre"},"content":{"rendered":"<h2 style=\"text-align: justify;\">Diagnostic du territoire de l&rsquo;Erdre<\/h2>\n<p>Un Diagnostic d\u00e9taill\u00e9 du territoire de l&rsquo;Erdre a \u00e9t\u00e9 r\u00e9alis\u00e9 en 2011.<\/p>\n<p><strong>Pour le consultez, cliquez ici \u00a0\u00a0<a href=\"https:\/\/www.edenn.fr\/archive\/wp-content\/uploads\/2015\/03\/CL_Diag_Territoire_Erdre__2011.pdf\">CL_Diag_Territoire_Erdre__2011<\/a>\u00a0\u00a0<\/strong><\/p>\n<p>Le sommaire est le suivant:<\/p>\n<p>1\u00e8re PARTIE : LE CADRE REGLEMENTAIRE<\/p>\n<p>I- De la Directive Cadre Europ\u00e9enne (DCE) au Sch\u00e9ma d\u2019am\u00e9nagement et de gestion des eaux SAGE<br \/>\nII- Pr\u00e9conisations du SAGE Estuaire de la Loire<br \/>\nIII- Enjeux, objectifs et principales actions sur le bassin versant de l\u2019Erdre<\/p>\n<p>2\u00e8me PARTIE : LE BASSIN VERSANT DE L\u2019ERDRE<\/p>\n<p>I- Caract\u00e9ristiques g\u00e9n\u00e9rales du bassin versant de l\u2019Erdre<br \/>\nII- Activit\u00e9s humaines du bassin versant de l\u2019Erdre<br \/>\nIII- Richesses \u00e9cologiques du bassin versant de l\u2019Erdre<\/p>\n<p>3\u00e8me PARTIE : LA QUALITE DES EAUX<\/p>\n<p>I- Qualit\u00e9 des eaux 2006-2008 (Agence de l\u2019Eau Loire-Bretagne)<br \/>\nII- Suivi de l\u2019eutrophisation de l\u2019Erdre par l\u2019EDENN : flux de nutriments et cyanobact\u00e9ries (2005 \u00e0 2009)<br \/>\nIII- Synth\u00e8se sur la qualit\u00e9 des eaux<\/p>\n<p>IV- Zones prioritaires pour la pollution diffuse agricole<\/p>\n<p>4\u00e8me PARTIE : LA QUALITE DES MILIEUX AQUATIQUES<\/p>\n<p>I-Qualit\u00e9 des milieux aquatiques par les r\u00e9seaux de suivi permanents<br \/>\nII- Qualit\u00e9 des milieux aquatiques par les \u00e9tudes pr\u00e9alables aux travaux<br \/>\nIII- R\u00e8glements d\u2019eau<\/p>\n<p>IV- Synth\u00e8se sur la qualit\u00e9 des milieux aquatiques<\/p>\n<p>5\u00e8me PARTIE : LE RISQUE INONDATION ET QUANTITE DES EAUX<\/p>\n<p>I-Pr\u00e9vention des inondations<br \/>\nII- Gestion de la quantit\u00e9 d\u2019eau<\/p>\n","protected":false},"excerpt":{"rendered":"<p>Diagnostic du territoire de l&rsquo;Erdre Un Diagnostic d\u00e9taill\u00e9 du territoire de l&rsquo;Erdre a \u00e9t\u00e9 r\u00e9alis\u00e9 en 2011. Pour le consultez, cliquez ici \u00a0\u00a0CL_Diag_Territoire_Erdre__2011\u00a0\u00a0 Le sommaire est le suivant: 1\u00e8re PARTIE&#8230;  <a class=\"excerpt-read-more\" href=\"https:\/\/www.edenn.fr\/archive\/lerdre\/le-territoire\/carte-didentite-du-territoire\/\" title=\"Read Carte d&rsquo;identit\u00e9 du territoire, bassin versant de l&rsquo;Erdre\">Lire la suite &raquo;<\/a><\/p>\n","protected":false},"author":2,"featured_media":0,"parent":2198,"menu_order":7,"comment_status":"open","ping_status":"open","template":"template\/standard.php","meta":{"_acf_changed":false,"footnotes":""},"class_list":["post-114","page","type-page","status-publish","hentry"],"acf":[],"yoast_head":"<!-- This site is optimized with the Yoast SEO plugin v27.3 - https:\/\/yoast.com\/product\/yoast-seo-wordpress\/ -->\n<title>Carte d&#039;identit\u00e9 du territoire, bassin versant de l&#039;Erdre - Edenn<\/title>\n<meta name=\"description\" content=\"Cartographie du bassin versant de l&#039;Erdre; diagnostic d\u00e9taill\u00e9 2011; actions pour mobiliser (goutte apr\u00e8s goutte et conf\u00e9rence des acteurs de l&#039;Erdre)\" \/>\n<meta name=\"robots\" content=\"index, follow, max-snippet:-1, max-image-preview:large, max-video-preview:-1\" \/>\n<link rel=\"canonical\" href=\"https:\/\/www.edenn.fr\/archive\/lerdre\/le-territoire\/carte-didentite-du-territoire\/\" \/>\n<meta property=\"og:locale\" content=\"fr_FR\" \/>\n<meta property=\"og:type\" content=\"article\" \/>\n<meta property=\"og:title\" content=\"Carte d&#039;identit\u00e9 du territoire, bassin versant de l&#039;Erdre - Edenn\" \/>\n<meta property=\"og:description\" content=\"Cartographie du bassin versant de l&#039;Erdre; diagnostic d\u00e9taill\u00e9 2011; actions pour mobiliser (goutte apr\u00e8s goutte et conf\u00e9rence des acteurs de l&#039;Erdre)\" \/>\n<meta property=\"og:url\" content=\"https:\/\/www.edenn.fr\/archive\/lerdre\/le-territoire\/carte-didentite-du-territoire\/\" \/>\n<meta property=\"og:site_name\" content=\"Edenn\" \/>\n<meta property=\"article:publisher\" content=\"https:\/\/www.facebook.com\/pages\/EDENN-sur-Erdre\/193293197413477?ref=hl\" \/>\n<meta property=\"article:modified_time\" content=\"2023-10-13T15:59:20+00:00\" \/>\n<meta name=\"twitter:label1\" content=\"Dur\u00e9e de lecture estim\u00e9e\" \/>\n\t<meta name=\"twitter:data1\" content=\"1 minute\" \/>\n<script type=\"application\/ld+json\" class=\"yoast-schema-graph\">{\"@context\":\"https:\\\/\\\/schema.org\",\"@graph\":[{\"@type\":\"WebPage\",\"@id\":\"https:\\\/\\\/www.edenn.fr\\\/archive\\\/lerdre\\\/le-territoire\\\/carte-didentite-du-territoire\\\/\",\"url\":\"https:\\\/\\\/www.edenn.fr\\\/archive\\\/lerdre\\\/le-territoire\\\/carte-didentite-du-territoire\\\/\",\"name\":\"Carte d'identit\u00e9 du territoire, bassin versant de l'Erdre - Edenn\",\"isPartOf\":{\"@id\":\"https:\\\/\\\/www.edenn.fr\\\/archive\\\/#website\"},\"datePublished\":\"2015-02-24T09:31:18+00:00\",\"dateModified\":\"2023-10-13T15:59:20+00:00\",\"description\":\"Cartographie du bassin versant de l'Erdre; diagnostic d\u00e9taill\u00e9 2011; actions pour mobiliser (goutte apr\u00e8s goutte et conf\u00e9rence des acteurs de l'Erdre)\",\"breadcrumb\":{\"@id\":\"https:\\\/\\\/www.edenn.fr\\\/archive\\\/lerdre\\\/le-territoire\\\/carte-didentite-du-territoire\\\/#breadcrumb\"},\"inLanguage\":\"fr-FR\",\"potentialAction\":[{\"@type\":\"ReadAction\",\"target\":[\"https:\\\/\\\/www.edenn.fr\\\/archive\\\/lerdre\\\/le-territoire\\\/carte-didentite-du-territoire\\\/\"]}]},{\"@type\":\"BreadcrumbList\",\"@id\":\"https:\\\/\\\/www.edenn.fr\\\/archive\\\/lerdre\\\/le-territoire\\\/carte-didentite-du-territoire\\\/#breadcrumb\",\"itemListElement\":[{\"@type\":\"ListItem\",\"position\":1,\"name\":\"Accueil\",\"item\":\"https:\\\/\\\/www.edenn.fr\\\/archive\\\/\"},{\"@type\":\"ListItem\",\"position\":2,\"name\":\"Erdre\",\"item\":\"https:\\\/\\\/www.edenn.fr\\\/archive\\\/lerdre\\\/\"},{\"@type\":\"ListItem\",\"position\":3,\"name\":\"Le territoire\",\"item\":\"https:\\\/\\\/www.edenn.fr\\\/archive\\\/lerdre\\\/le-territoire\\\/\"},{\"@type\":\"ListItem\",\"position\":4,\"name\":\"Carte d&rsquo;identit\u00e9 du territoire, bassin versant de l&rsquo;Erdre\"}]},{\"@type\":\"WebSite\",\"@id\":\"https:\\\/\\\/www.edenn.fr\\\/archive\\\/#website\",\"url\":\"https:\\\/\\\/www.edenn.fr\\\/archive\\\/\",\"name\":\"Edenn\",\"description\":\"Ensemble pour la reconqu\u00eate de l&#039;Erdre\",\"potentialAction\":[{\"@type\":\"SearchAction\",\"target\":{\"@type\":\"EntryPoint\",\"urlTemplate\":\"https:\\\/\\\/www.edenn.fr\\\/archive\\\/?s={search_term_string}\"},\"query-input\":{\"@type\":\"PropertyValueSpecification\",\"valueRequired\":true,\"valueName\":\"search_term_string\"}}],\"inLanguage\":\"fr-FR\"}]}<\/script>\n<!-- \/ Yoast SEO plugin. -->","yoast_head_json":{"title":"Carte d'identit\u00e9 du territoire, bassin versant de l'Erdre - Edenn","description":"Cartographie du bassin versant de l'Erdre; diagnostic d\u00e9taill\u00e9 2011; actions pour mobiliser (goutte apr\u00e8s goutte et conf\u00e9rence des acteurs de l'Erdre)","robots":{"index":"index","follow":"follow","max-snippet":"max-snippet:-1","max-image-preview":"max-image-preview:large","max-video-preview":"max-video-preview:-1"},"canonical":"https:\/\/www.edenn.fr\/archive\/lerdre\/le-territoire\/carte-didentite-du-territoire\/","og_locale":"fr_FR","og_type":"article","og_title":"Carte d'identit\u00e9 du territoire, bassin versant de l'Erdre - Edenn","og_description":"Cartographie du bassin versant de l'Erdre; diagnostic d\u00e9taill\u00e9 2011; actions pour mobiliser (goutte apr\u00e8s goutte et conf\u00e9rence des acteurs de l'Erdre)","og_url":"https:\/\/www.edenn.fr\/archive\/lerdre\/le-territoire\/carte-didentite-du-territoire\/","og_site_name":"Edenn","article_publisher":"https:\/\/www.facebook.com\/pages\/EDENN-sur-Erdre\/193293197413477?ref=hl","article_modified_time":"2023-10-13T15:59:20+00:00","twitter_misc":{"Dur\u00e9e de lecture estim\u00e9e":"1 minute"},"schema":{"@context":"https:\/\/schema.org","@graph":[{"@type":"WebPage","@id":"https:\/\/www.edenn.fr\/archive\/lerdre\/le-territoire\/carte-didentite-du-territoire\/","url":"https:\/\/www.edenn.fr\/archive\/lerdre\/le-territoire\/carte-didentite-du-territoire\/","name":"Carte d'identit\u00e9 du territoire, bassin versant de l'Erdre - Edenn","isPartOf":{"@id":"https:\/\/www.edenn.fr\/archive\/#website"},"datePublished":"2015-02-24T09:31:18+00:00","dateModified":"2023-10-13T15:59:20+00:00","description":"Cartographie du bassin versant de l'Erdre; diagnostic d\u00e9taill\u00e9 2011; actions pour mobiliser (goutte apr\u00e8s goutte et conf\u00e9rence des acteurs de l'Erdre)","breadcrumb":{"@id":"https:\/\/www.edenn.fr\/archive\/lerdre\/le-territoire\/carte-didentite-du-territoire\/#breadcrumb"},"inLanguage":"fr-FR","potentialAction":[{"@type":"ReadAction","target":["https:\/\/www.edenn.fr\/archive\/lerdre\/le-territoire\/carte-didentite-du-territoire\/"]}]},{"@type":"BreadcrumbList","@id":"https:\/\/www.edenn.fr\/archive\/lerdre\/le-territoire\/carte-didentite-du-territoire\/#breadcrumb","itemListElement":[{"@type":"ListItem","position":1,"name":"Accueil","item":"https:\/\/www.edenn.fr\/archive\/"},{"@type":"ListItem","position":2,"name":"Erdre","item":"https:\/\/www.edenn.fr\/archive\/lerdre\/"},{"@type":"ListItem","position":3,"name":"Le territoire","item":"https:\/\/www.edenn.fr\/archive\/lerdre\/le-territoire\/"},{"@type":"ListItem","position":4,"name":"Carte d&rsquo;identit\u00e9 du territoire, bassin versant de l&rsquo;Erdre"}]},{"@type":"WebSite","@id":"https:\/\/www.edenn.fr\/archive\/#website","url":"https:\/\/www.edenn.fr\/archive\/","name":"Edenn","description":"Ensemble pour la reconqu\u00eate de l&#039;Erdre","potentialAction":[{"@type":"SearchAction","target":{"@type":"EntryPoint","urlTemplate":"https:\/\/www.edenn.fr\/archive\/?s={search_term_string}"},"query-input":{"@type":"PropertyValueSpecification","valueRequired":true,"valueName":"search_term_string"}}],"inLanguage":"fr-FR"}]}},"_links":{"self":[{"href":"https:\/\/www.edenn.fr\/archive\/wp-json\/wp\/v2\/pages\/114","targetHints":{"allow":["GET"]}}],"collection":[{"href":"https:\/\/www.edenn.fr\/archive\/wp-json\/wp\/v2\/pages"}],"about":[{"href":"https:\/\/www.edenn.fr\/archive\/wp-json\/wp\/v2\/types\/page"}],"author":[{"embeddable":true,"href":"https:\/\/www.edenn.fr\/archive\/wp-json\/wp\/v2\/users\/2"}],"replies":[{"embeddable":true,"href":"https:\/\/www.edenn.fr\/archive\/wp-json\/wp\/v2\/comments?post=114"}],"version-history":[{"count":74,"href":"https:\/\/www.edenn.fr\/archive\/wp-json\/wp\/v2\/pages\/114\/revisions"}],"predecessor-version":[{"id":9923,"href":"https:\/\/www.edenn.fr\/archive\/wp-json\/wp\/v2\/pages\/114\/revisions\/9923"}],"up":[{"embeddable":true,"href":"https:\/\/www.edenn.fr\/archive\/wp-json\/wp\/v2\/pages\/2198"}],"wp:attachment":[{"href":"https:\/\/www.edenn.fr\/archive\/wp-json\/wp\/v2\/media?parent=114"}],"curies":[{"name":"wp","href":"https:\/\/api.w.org\/{rel}","templated":true}]}}