{"id":132,"date":"2015-02-24T10:02:18","date_gmt":"2015-02-24T10:02:18","guid":{"rendered":"https:\/\/www.edenn.fr\/archive\/?page_id=132"},"modified":"2021-07-06T13:03:09","modified_gmt":"2021-07-06T13:03:09","slug":"volet-agricole_2011-2016","status":"publish","type":"page","link":"https:\/\/www.edenn.fr\/archive\/eau\/agriculture\/volet-agricole_2011-2016\/","title":{"rendered":"Volet agricole 2011-2016"},"content":{"rendered":"<p style=\"text-align: justify;\">Les enjeux de la qualit\u00e9 de l\u2019eau, de la pr\u00e9servation de la biodiversit\u00e9 et de la production agricole ne sont pas incompatibles, bien au contraire. La valorisation des prairies, des haies bocag\u00e8res ou encore certaines techniques comme le d\u00e9sherbage m\u00e9canique permettent d\u2019\u00eatre productif tout en influant positivement sur la qualit\u00e9 de l\u2019eau. Dans la volont\u00e9 de promouvoir cette vision multifonctionnelle de l\u2019agriculture, l\u2019EDENN m\u00e8ne diverses actions en faveur des agriculteurs pour accompagner l\u2019optimisation des pratiques. En partenariat avec les Chambres d\u2019agriculture, les GAB, les CIVAM et l\u2019Union des Cuma Pays de la Loire.<\/p>\n","protected":false},"excerpt":{"rendered":"<p>L\u2019action agricole coordonn\u00e9e par l\u2019EDENN sur le bassin versant de l\u2019Erdre s\u2019organise en deux parties.<br \/>\nPhase 1 : appr\u00e9hender \u00e0 la fois le territoire, les pratiques agricoles et les acteurs locaux.<br \/>\nPhase 2 : proposer des solutions concr\u00e8tes sur la base des r\u00e9sultats collect\u00e9s.<\/p>\n","protected":false},"author":2,"featured_media":0,"parent":608,"menu_order":0,"comment_status":"open","ping_status":"open","template":"template\/standard.php","meta":{"_acf_changed":false,"footnotes":""},"class_list":["post-132","page","type-page","status-publish","hentry"],"acf":[],"yoast_head":"<!-- This site is optimized with the Yoast SEO plugin v27.3 - https:\/\/yoast.com\/product\/yoast-seo-wordpress\/ -->\n<title>Volet agricole 2011-2016 - Edenn<\/title>\n<meta name=\"description\" content=\"Descriptif du programme d&#039;actions men\u00e9 par l&#039;EDENN sur le plan agricole.\" \/>\n<meta name=\"robots\" content=\"index, follow, max-snippet:-1, max-image-preview:large, max-video-preview:-1\" \/>\n<link rel=\"canonical\" href=\"https:\/\/www.edenn.fr\/archive\/eau\/agriculture\/volet-agricole_2011-2016\/\" \/>\n<meta property=\"og:locale\" content=\"fr_FR\" \/>\n<meta property=\"og:type\" content=\"article\" \/>\n<meta property=\"og:title\" content=\"Volet agricole 2011-2016 - Edenn\" \/>\n<meta property=\"og:description\" content=\"Descriptif du programme d&#039;actions men\u00e9 par l&#039;EDENN sur le plan agricole.\" \/>\n<meta property=\"og:url\" content=\"https:\/\/www.edenn.fr\/archive\/eau\/agriculture\/volet-agricole_2011-2016\/\" \/>\n<meta property=\"og:site_name\" content=\"Edenn\" \/>\n<meta property=\"article:publisher\" content=\"https:\/\/www.facebook.com\/pages\/EDENN-sur-Erdre\/193293197413477?ref=hl\" \/>\n<meta property=\"article:modified_time\" content=\"2021-07-06T13:03:09+00:00\" \/>\n<meta name=\"twitter:label1\" content=\"Dur\u00e9e de lecture estim\u00e9e\" \/>\n\t<meta name=\"twitter:data1\" content=\"1 minute\" \/>\n<script type=\"application\/ld+json\" class=\"yoast-schema-graph\">{\"@context\":\"https:\\\/\\\/schema.org\",\"@graph\":[{\"@type\":\"WebPage\",\"@id\":\"https:\\\/\\\/www.edenn.fr\\\/archive\\\/eau\\\/agriculture\\\/volet-agricole_2011-2016\\\/\",\"url\":\"https:\\\/\\\/www.edenn.fr\\\/archive\\\/eau\\\/agriculture\\\/volet-agricole_2011-2016\\\/\",\"name\":\"Volet agricole 2011-2016 - Edenn\",\"isPartOf\":{\"@id\":\"https:\\\/\\\/www.edenn.fr\\\/archive\\\/#website\"},\"datePublished\":\"2015-02-24T10:02:18+00:00\",\"dateModified\":\"2021-07-06T13:03:09+00:00\",\"description\":\"Descriptif du programme d'actions men\u00e9 par l'EDENN sur le plan agricole.\",\"breadcrumb\":{\"@id\":\"https:\\\/\\\/www.edenn.fr\\\/archive\\\/eau\\\/agriculture\\\/volet-agricole_2011-2016\\\/#breadcrumb\"},\"inLanguage\":\"fr-FR\",\"potentialAction\":[{\"@type\":\"ReadAction\",\"target\":[\"https:\\\/\\\/www.edenn.fr\\\/archive\\\/eau\\\/agriculture\\\/volet-agricole_2011-2016\\\/\"]}]},{\"@type\":\"BreadcrumbList\",\"@id\":\"https:\\\/\\\/www.edenn.fr\\\/archive\\\/eau\\\/agriculture\\\/volet-agricole_2011-2016\\\/#breadcrumb\",\"itemListElement\":[{\"@type\":\"ListItem\",\"position\":1,\"name\":\"Accueil\",\"item\":\"https:\\\/\\\/www.edenn.fr\\\/archive\\\/\"},{\"@type\":\"ListItem\",\"position\":2,\"name\":\"Eau\",\"item\":\"https:\\\/\\\/www.edenn.fr\\\/archive\\\/eau\\\/\"},{\"@type\":\"ListItem\",\"position\":3,\"name\":\"Agriculture\",\"item\":\"https:\\\/\\\/www.edenn.fr\\\/archive\\\/eau\\\/agriculture\\\/\"},{\"@type\":\"ListItem\",\"position\":4,\"name\":\"Volet agricole 2011-2016\"}]},{\"@type\":\"WebSite\",\"@id\":\"https:\\\/\\\/www.edenn.fr\\\/archive\\\/#website\",\"url\":\"https:\\\/\\\/www.edenn.fr\\\/archive\\\/\",\"name\":\"Edenn\",\"description\":\"Ensemble pour la reconqu\u00eate de l&#039;Erdre\",\"potentialAction\":[{\"@type\":\"SearchAction\",\"target\":{\"@type\":\"EntryPoint\",\"urlTemplate\":\"https:\\\/\\\/www.edenn.fr\\\/archive\\\/?s={search_term_string}\"},\"query-input\":{\"@type\":\"PropertyValueSpecification\",\"valueRequired\":true,\"valueName\":\"search_term_string\"}}],\"inLanguage\":\"fr-FR\"}]}<\/script>\n<!-- \/ Yoast SEO plugin. -->","yoast_head_json":{"title":"Volet agricole 2011-2016 - Edenn","description":"Descriptif du programme d'actions men\u00e9 par l'EDENN sur le plan agricole.","robots":{"index":"index","follow":"follow","max-snippet":"max-snippet:-1","max-image-preview":"max-image-preview:large","max-video-preview":"max-video-preview:-1"},"canonical":"https:\/\/www.edenn.fr\/archive\/eau\/agriculture\/volet-agricole_2011-2016\/","og_locale":"fr_FR","og_type":"article","og_title":"Volet agricole 2011-2016 - Edenn","og_description":"Descriptif du programme d'actions men\u00e9 par l'EDENN sur le plan agricole.","og_url":"https:\/\/www.edenn.fr\/archive\/eau\/agriculture\/volet-agricole_2011-2016\/","og_site_name":"Edenn","article_publisher":"https:\/\/www.facebook.com\/pages\/EDENN-sur-Erdre\/193293197413477?ref=hl","article_modified_time":"2021-07-06T13:03:09+00:00","twitter_misc":{"Dur\u00e9e de lecture estim\u00e9e":"1 minute"},"schema":{"@context":"https:\/\/schema.org","@graph":[{"@type":"WebPage","@id":"https:\/\/www.edenn.fr\/archive\/eau\/agriculture\/volet-agricole_2011-2016\/","url":"https:\/\/www.edenn.fr\/archive\/eau\/agriculture\/volet-agricole_2011-2016\/","name":"Volet agricole 2011-2016 - Edenn","isPartOf":{"@id":"https:\/\/www.edenn.fr\/archive\/#website"},"datePublished":"2015-02-24T10:02:18+00:00","dateModified":"2021-07-06T13:03:09+00:00","description":"Descriptif du programme d'actions men\u00e9 par l'EDENN sur le plan agricole.","breadcrumb":{"@id":"https:\/\/www.edenn.fr\/archive\/eau\/agriculture\/volet-agricole_2011-2016\/#breadcrumb"},"inLanguage":"fr-FR","potentialAction":[{"@type":"ReadAction","target":["https:\/\/www.edenn.fr\/archive\/eau\/agriculture\/volet-agricole_2011-2016\/"]}]},{"@type":"BreadcrumbList","@id":"https:\/\/www.edenn.fr\/archive\/eau\/agriculture\/volet-agricole_2011-2016\/#breadcrumb","itemListElement":[{"@type":"ListItem","position":1,"name":"Accueil","item":"https:\/\/www.edenn.fr\/archive\/"},{"@type":"ListItem","position":2,"name":"Eau","item":"https:\/\/www.edenn.fr\/archive\/eau\/"},{"@type":"ListItem","position":3,"name":"Agriculture","item":"https:\/\/www.edenn.fr\/archive\/eau\/agriculture\/"},{"@type":"ListItem","position":4,"name":"Volet agricole 2011-2016"}]},{"@type":"WebSite","@id":"https:\/\/www.edenn.fr\/archive\/#website","url":"https:\/\/www.edenn.fr\/archive\/","name":"Edenn","description":"Ensemble pour la reconqu\u00eate de l&#039;Erdre","potentialAction":[{"@type":"SearchAction","target":{"@type":"EntryPoint","urlTemplate":"https:\/\/www.edenn.fr\/archive\/?s={search_term_string}"},"query-input":{"@type":"PropertyValueSpecification","valueRequired":true,"valueName":"search_term_string"}}],"inLanguage":"fr-FR"}]}},"_links":{"self":[{"href":"https:\/\/www.edenn.fr\/archive\/wp-json\/wp\/v2\/pages\/132","targetHints":{"allow":["GET"]}}],"collection":[{"href":"https:\/\/www.edenn.fr\/archive\/wp-json\/wp\/v2\/pages"}],"about":[{"href":"https:\/\/www.edenn.fr\/archive\/wp-json\/wp\/v2\/types\/page"}],"author":[{"embeddable":true,"href":"https:\/\/www.edenn.fr\/archive\/wp-json\/wp\/v2\/users\/2"}],"replies":[{"embeddable":true,"href":"https:\/\/www.edenn.fr\/archive\/wp-json\/wp\/v2\/comments?post=132"}],"version-history":[{"count":53,"href":"https:\/\/www.edenn.fr\/archive\/wp-json\/wp\/v2\/pages\/132\/revisions"}],"predecessor-version":[{"id":8539,"href":"https:\/\/www.edenn.fr\/archive\/wp-json\/wp\/v2\/pages\/132\/revisions\/8539"}],"up":[{"embeddable":true,"href":"https:\/\/www.edenn.fr\/archive\/wp-json\/wp\/v2\/pages\/608"}],"wp:attachment":[{"href":"https:\/\/www.edenn.fr\/archive\/wp-json\/wp\/v2\/media?parent=132"}],"curies":[{"name":"wp","href":"https:\/\/api.w.org\/{rel}","templated":true}]}}