{"id":136,"date":"2015-02-24T10:03:35","date_gmt":"2015-02-24T10:03:35","guid":{"rendered":"https:\/\/www.edenn.fr\/archive\/?page_id=136"},"modified":"2019-02-07T14:28:05","modified_gmt":"2019-02-07T14:28:05","slug":"communication-et-techniques","status":"publish","type":"page","link":"https:\/\/www.edenn.fr\/archive\/eau\/jardiner-au-naturel\/charte-zerophyto\/communication-et-techniques\/","title":{"rendered":"Outils"},"content":{"rendered":"","protected":false},"excerpt":{"rendered":"<p>Afin d&rsquo;aider les gestionnaires d&rsquo;espaces publics, l&rsquo;edenn met \u00e0 disposition diff\u00e9rents outils dont des guides techniques ou des outils de communications.<\/p>\n","protected":false},"author":2,"featured_media":0,"parent":134,"menu_order":3,"comment_status":"open","ping_status":"open","template":"template\/standard.php","meta":{"_acf_changed":false,"footnotes":""},"class_list":["post-136","page","type-page","status-publish","hentry"],"acf":[],"yoast_head":"<!-- This site is optimized with the Yoast SEO plugin v27.3 - https:\/\/yoast.com\/product\/yoast-seo-wordpress\/ -->\n<title>Outils d&#039;aide \u00e0 la gestion sans pesticide<\/title>\n<meta name=\"description\" content=\"Afin d&#039;aider les gestionnaires d&#039;espaces publics, l&#039;Edenn met \u00e0 disposition diff\u00e9rents outils dont des guides techniques ou des outils de communications.\" \/>\n<meta name=\"robots\" content=\"index, follow, max-snippet:-1, max-image-preview:large, max-video-preview:-1\" \/>\n<link rel=\"canonical\" href=\"https:\/\/www.edenn.fr\/archive\/eau\/jardiner-au-naturel\/charte-zerophyto\/communication-et-techniques\/\" \/>\n<meta property=\"og:locale\" content=\"fr_FR\" \/>\n<meta property=\"og:type\" content=\"article\" \/>\n<meta property=\"og:title\" content=\"Outils d&#039;aide \u00e0 la gestion sans pesticide\" \/>\n<meta property=\"og:description\" content=\"Afin d&#039;aider les gestionnaires d&#039;espaces publics, l&#039;Edenn met \u00e0 disposition diff\u00e9rents outils dont des guides techniques ou des outils de communications.\" \/>\n<meta property=\"og:url\" content=\"https:\/\/www.edenn.fr\/archive\/eau\/jardiner-au-naturel\/charte-zerophyto\/communication-et-techniques\/\" \/>\n<meta property=\"og:site_name\" content=\"Edenn\" \/>\n<meta property=\"article:publisher\" content=\"https:\/\/www.facebook.com\/pages\/EDENN-sur-Erdre\/193293197413477?ref=hl\" \/>\n<meta property=\"article:modified_time\" content=\"2019-02-07T14:28:05+00:00\" \/>\n<script type=\"application\/ld+json\" class=\"yoast-schema-graph\">{\"@context\":\"https:\\\/\\\/schema.org\",\"@graph\":[{\"@type\":\"WebPage\",\"@id\":\"https:\\\/\\\/www.edenn.fr\\\/archive\\\/eau\\\/jardiner-au-naturel\\\/charte-zerophyto\\\/communication-et-techniques\\\/\",\"url\":\"https:\\\/\\\/www.edenn.fr\\\/archive\\\/eau\\\/jardiner-au-naturel\\\/charte-zerophyto\\\/communication-et-techniques\\\/\",\"name\":\"Outils d'aide \u00e0 la gestion sans pesticide\",\"isPartOf\":{\"@id\":\"https:\\\/\\\/www.edenn.fr\\\/archive\\\/#website\"},\"datePublished\":\"2015-02-24T10:03:35+00:00\",\"dateModified\":\"2019-02-07T14:28:05+00:00\",\"description\":\"Afin d'aider les gestionnaires d'espaces publics, l'Edenn met \u00e0 disposition diff\u00e9rents outils dont des guides techniques ou des outils de communications.\",\"breadcrumb\":{\"@id\":\"https:\\\/\\\/www.edenn.fr\\\/archive\\\/eau\\\/jardiner-au-naturel\\\/charte-zerophyto\\\/communication-et-techniques\\\/#breadcrumb\"},\"inLanguage\":\"fr-FR\",\"potentialAction\":[{\"@type\":\"ReadAction\",\"target\":[\"https:\\\/\\\/www.edenn.fr\\\/archive\\\/eau\\\/jardiner-au-naturel\\\/charte-zerophyto\\\/communication-et-techniques\\\/\"]}]},{\"@type\":\"BreadcrumbList\",\"@id\":\"https:\\\/\\\/www.edenn.fr\\\/archive\\\/eau\\\/jardiner-au-naturel\\\/charte-zerophyto\\\/communication-et-techniques\\\/#breadcrumb\",\"itemListElement\":[{\"@type\":\"ListItem\",\"position\":1,\"name\":\"Accueil\",\"item\":\"https:\\\/\\\/www.edenn.fr\\\/archive\\\/\"},{\"@type\":\"ListItem\",\"position\":2,\"name\":\"Eau\",\"item\":\"https:\\\/\\\/www.edenn.fr\\\/archive\\\/eau\\\/\"},{\"@type\":\"ListItem\",\"position\":3,\"name\":\"Jardiner au naturel\",\"item\":\"https:\\\/\\\/www.edenn.fr\\\/archive\\\/eau\\\/jardiner-au-naturel\\\/\"},{\"@type\":\"ListItem\",\"position\":4,\"name\":\"Charte Collectivit\u00e9\",\"item\":\"https:\\\/\\\/www.edenn.fr\\\/archive\\\/eau\\\/jardiner-au-naturel\\\/charte-zerophyto\\\/\"},{\"@type\":\"ListItem\",\"position\":5,\"name\":\"Outils\"}]},{\"@type\":\"WebSite\",\"@id\":\"https:\\\/\\\/www.edenn.fr\\\/archive\\\/#website\",\"url\":\"https:\\\/\\\/www.edenn.fr\\\/archive\\\/\",\"name\":\"Edenn\",\"description\":\"Ensemble pour la reconqu\u00eate de l&#039;Erdre\",\"potentialAction\":[{\"@type\":\"SearchAction\",\"target\":{\"@type\":\"EntryPoint\",\"urlTemplate\":\"https:\\\/\\\/www.edenn.fr\\\/archive\\\/?s={search_term_string}\"},\"query-input\":{\"@type\":\"PropertyValueSpecification\",\"valueRequired\":true,\"valueName\":\"search_term_string\"}}],\"inLanguage\":\"fr-FR\"}]}<\/script>\n<!-- \/ Yoast SEO plugin. -->","yoast_head_json":{"title":"Outils d'aide \u00e0 la gestion sans pesticide","description":"Afin d'aider les gestionnaires d'espaces publics, l'Edenn met \u00e0 disposition diff\u00e9rents outils dont des guides techniques ou des outils de communications.","robots":{"index":"index","follow":"follow","max-snippet":"max-snippet:-1","max-image-preview":"max-image-preview:large","max-video-preview":"max-video-preview:-1"},"canonical":"https:\/\/www.edenn.fr\/archive\/eau\/jardiner-au-naturel\/charte-zerophyto\/communication-et-techniques\/","og_locale":"fr_FR","og_type":"article","og_title":"Outils d'aide \u00e0 la gestion sans pesticide","og_description":"Afin d'aider les gestionnaires d'espaces publics, l'Edenn met \u00e0 disposition diff\u00e9rents outils dont des guides techniques ou des outils de communications.","og_url":"https:\/\/www.edenn.fr\/archive\/eau\/jardiner-au-naturel\/charte-zerophyto\/communication-et-techniques\/","og_site_name":"Edenn","article_publisher":"https:\/\/www.facebook.com\/pages\/EDENN-sur-Erdre\/193293197413477?ref=hl","article_modified_time":"2019-02-07T14:28:05+00:00","schema":{"@context":"https:\/\/schema.org","@graph":[{"@type":"WebPage","@id":"https:\/\/www.edenn.fr\/archive\/eau\/jardiner-au-naturel\/charte-zerophyto\/communication-et-techniques\/","url":"https:\/\/www.edenn.fr\/archive\/eau\/jardiner-au-naturel\/charte-zerophyto\/communication-et-techniques\/","name":"Outils d'aide \u00e0 la gestion sans pesticide","isPartOf":{"@id":"https:\/\/www.edenn.fr\/archive\/#website"},"datePublished":"2015-02-24T10:03:35+00:00","dateModified":"2019-02-07T14:28:05+00:00","description":"Afin d'aider les gestionnaires d'espaces publics, l'Edenn met \u00e0 disposition diff\u00e9rents outils dont des guides techniques ou des outils de communications.","breadcrumb":{"@id":"https:\/\/www.edenn.fr\/archive\/eau\/jardiner-au-naturel\/charte-zerophyto\/communication-et-techniques\/#breadcrumb"},"inLanguage":"fr-FR","potentialAction":[{"@type":"ReadAction","target":["https:\/\/www.edenn.fr\/archive\/eau\/jardiner-au-naturel\/charte-zerophyto\/communication-et-techniques\/"]}]},{"@type":"BreadcrumbList","@id":"https:\/\/www.edenn.fr\/archive\/eau\/jardiner-au-naturel\/charte-zerophyto\/communication-et-techniques\/#breadcrumb","itemListElement":[{"@type":"ListItem","position":1,"name":"Accueil","item":"https:\/\/www.edenn.fr\/archive\/"},{"@type":"ListItem","position":2,"name":"Eau","item":"https:\/\/www.edenn.fr\/archive\/eau\/"},{"@type":"ListItem","position":3,"name":"Jardiner au naturel","item":"https:\/\/www.edenn.fr\/archive\/eau\/jardiner-au-naturel\/"},{"@type":"ListItem","position":4,"name":"Charte Collectivit\u00e9","item":"https:\/\/www.edenn.fr\/archive\/eau\/jardiner-au-naturel\/charte-zerophyto\/"},{"@type":"ListItem","position":5,"name":"Outils"}]},{"@type":"WebSite","@id":"https:\/\/www.edenn.fr\/archive\/#website","url":"https:\/\/www.edenn.fr\/archive\/","name":"Edenn","description":"Ensemble pour la reconqu\u00eate de l&#039;Erdre","potentialAction":[{"@type":"SearchAction","target":{"@type":"EntryPoint","urlTemplate":"https:\/\/www.edenn.fr\/archive\/?s={search_term_string}"},"query-input":{"@type":"PropertyValueSpecification","valueRequired":true,"valueName":"search_term_string"}}],"inLanguage":"fr-FR"}]}},"_links":{"self":[{"href":"https:\/\/www.edenn.fr\/archive\/wp-json\/wp\/v2\/pages\/136","targetHints":{"allow":["GET"]}}],"collection":[{"href":"https:\/\/www.edenn.fr\/archive\/wp-json\/wp\/v2\/pages"}],"about":[{"href":"https:\/\/www.edenn.fr\/archive\/wp-json\/wp\/v2\/types\/page"}],"author":[{"embeddable":true,"href":"https:\/\/www.edenn.fr\/archive\/wp-json\/wp\/v2\/users\/2"}],"replies":[{"embeddable":true,"href":"https:\/\/www.edenn.fr\/archive\/wp-json\/wp\/v2\/comments?post=136"}],"version-history":[{"count":29,"href":"https:\/\/www.edenn.fr\/archive\/wp-json\/wp\/v2\/pages\/136\/revisions"}],"predecessor-version":[{"id":6156,"href":"https:\/\/www.edenn.fr\/archive\/wp-json\/wp\/v2\/pages\/136\/revisions\/6156"}],"up":[{"embeddable":true,"href":"https:\/\/www.edenn.fr\/archive\/wp-json\/wp\/v2\/pages\/134"}],"wp:attachment":[{"href":"https:\/\/www.edenn.fr\/archive\/wp-json\/wp\/v2\/media?parent=136"}],"curies":[{"name":"wp","href":"https:\/\/api.w.org\/{rel}","templated":true}]}}