{"id":138,"date":"2015-02-24T10:04:07","date_gmt":"2015-02-24T10:04:07","guid":{"rendered":"https:\/\/www.edenn.fr\/archive\/?page_id=138"},"modified":"2019-02-07T13:53:57","modified_gmt":"2019-02-07T13:53:57","slug":"jardiner-au-naturel","status":"publish","type":"page","link":"https:\/\/www.edenn.fr\/archive\/eau\/jardiner-au-naturel\/","title":{"rendered":"Jardiner au naturel"},"content":{"rendered":"","protected":false},"excerpt":{"rendered":"<p>Les produits phytosanitaires utilis\u00e9s dans le jardinage sont loin d\u2019\u00eatre sans danger pour l\u2019environnement. Ce sont les m\u00eames mol\u00e9cules utilis\u00e9es par les professionnelles dont l&rsquo;utilisation est soumises \u00e0 des r\u00e8gles tr\u00e8s strictes. Les produits chimiques causent des probl\u00e8mes environnementaux, notamment sur la pollution de l\u2019eau mais aussi de l\u2019air, du sol et impactent n\u00e9gativement sur la biodiversit\u00e9. Les produits phytosanitaires entra\u00eenent aussi des probl\u00e8mes de sant\u00e9 publique. On peut tous agir \u00e0 notre niveau en supprimant l\u2019utilisation de ces produits et en adoptant le jardinage au naturel.<\/p>\n","protected":false},"author":2,"featured_media":0,"parent":58,"menu_order":4,"comment_status":"open","ping_status":"open","template":"template\/telechargement.php","meta":{"_acf_changed":false,"footnotes":""},"class_list":["post-138","page","type-page","status-publish","hentry"],"acf":[],"yoast_head":"<!-- This site is optimized with the Yoast SEO plugin v27.3 - https:\/\/yoast.com\/product\/yoast-seo-wordpress\/ -->\n<title>Jardiner au naturel - Edenn<\/title>\n<meta name=\"description\" content=\"Particulier, collectivit\u00e9 ou jardinerie, l&#039;EDENN vous propose des solutions pour jardiner au naturel et bannir les pesticides de votre liste de courses !\" \/>\n<meta name=\"robots\" content=\"index, follow, max-snippet:-1, max-image-preview:large, max-video-preview:-1\" \/>\n<link rel=\"canonical\" href=\"https:\/\/www.edenn.fr\/archive\/eau\/jardiner-au-naturel\/\" \/>\n<meta property=\"og:locale\" content=\"fr_FR\" \/>\n<meta property=\"og:type\" content=\"article\" \/>\n<meta property=\"og:title\" content=\"Jardiner au naturel - Edenn\" \/>\n<meta property=\"og:description\" content=\"Particulier, collectivit\u00e9 ou jardinerie, l&#039;EDENN vous propose des solutions pour jardiner au naturel et bannir les pesticides de votre liste de courses !\" \/>\n<meta property=\"og:url\" content=\"https:\/\/www.edenn.fr\/archive\/eau\/jardiner-au-naturel\/\" \/>\n<meta property=\"og:site_name\" content=\"Edenn\" \/>\n<meta property=\"article:publisher\" content=\"https:\/\/www.facebook.com\/pages\/EDENN-sur-Erdre\/193293197413477?ref=hl\" \/>\n<meta property=\"article:modified_time\" content=\"2019-02-07T13:53:57+00:00\" \/>\n<script type=\"application\/ld+json\" class=\"yoast-schema-graph\">{\"@context\":\"https:\\\/\\\/schema.org\",\"@graph\":[{\"@type\":\"WebPage\",\"@id\":\"https:\\\/\\\/www.edenn.fr\\\/archive\\\/eau\\\/jardiner-au-naturel\\\/\",\"url\":\"https:\\\/\\\/www.edenn.fr\\\/archive\\\/eau\\\/jardiner-au-naturel\\\/\",\"name\":\"Jardiner au naturel - Edenn\",\"isPartOf\":{\"@id\":\"https:\\\/\\\/www.edenn.fr\\\/archive\\\/#website\"},\"datePublished\":\"2015-02-24T10:04:07+00:00\",\"dateModified\":\"2019-02-07T13:53:57+00:00\",\"description\":\"Particulier, collectivit\u00e9 ou jardinerie, l'EDENN vous propose des solutions pour jardiner au naturel et bannir les pesticides de votre liste de courses !\",\"breadcrumb\":{\"@id\":\"https:\\\/\\\/www.edenn.fr\\\/archive\\\/eau\\\/jardiner-au-naturel\\\/#breadcrumb\"},\"inLanguage\":\"fr-FR\",\"potentialAction\":[{\"@type\":\"ReadAction\",\"target\":[\"https:\\\/\\\/www.edenn.fr\\\/archive\\\/eau\\\/jardiner-au-naturel\\\/\"]}]},{\"@type\":\"BreadcrumbList\",\"@id\":\"https:\\\/\\\/www.edenn.fr\\\/archive\\\/eau\\\/jardiner-au-naturel\\\/#breadcrumb\",\"itemListElement\":[{\"@type\":\"ListItem\",\"position\":1,\"name\":\"Accueil\",\"item\":\"https:\\\/\\\/www.edenn.fr\\\/archive\\\/\"},{\"@type\":\"ListItem\",\"position\":2,\"name\":\"Eau\",\"item\":\"https:\\\/\\\/www.edenn.fr\\\/archive\\\/eau\\\/\"},{\"@type\":\"ListItem\",\"position\":3,\"name\":\"Jardiner au naturel\"}]},{\"@type\":\"WebSite\",\"@id\":\"https:\\\/\\\/www.edenn.fr\\\/archive\\\/#website\",\"url\":\"https:\\\/\\\/www.edenn.fr\\\/archive\\\/\",\"name\":\"Edenn\",\"description\":\"Ensemble pour la reconqu\u00eate de l&#039;Erdre\",\"potentialAction\":[{\"@type\":\"SearchAction\",\"target\":{\"@type\":\"EntryPoint\",\"urlTemplate\":\"https:\\\/\\\/www.edenn.fr\\\/archive\\\/?s={search_term_string}\"},\"query-input\":{\"@type\":\"PropertyValueSpecification\",\"valueRequired\":true,\"valueName\":\"search_term_string\"}}],\"inLanguage\":\"fr-FR\"}]}<\/script>\n<!-- \/ Yoast SEO plugin. -->","yoast_head_json":{"title":"Jardiner au naturel - Edenn","description":"Particulier, collectivit\u00e9 ou jardinerie, l'EDENN vous propose des solutions pour jardiner au naturel et bannir les pesticides de votre liste de courses !","robots":{"index":"index","follow":"follow","max-snippet":"max-snippet:-1","max-image-preview":"max-image-preview:large","max-video-preview":"max-video-preview:-1"},"canonical":"https:\/\/www.edenn.fr\/archive\/eau\/jardiner-au-naturel\/","og_locale":"fr_FR","og_type":"article","og_title":"Jardiner au naturel - Edenn","og_description":"Particulier, collectivit\u00e9 ou jardinerie, l'EDENN vous propose des solutions pour jardiner au naturel et bannir les pesticides de votre liste de courses !","og_url":"https:\/\/www.edenn.fr\/archive\/eau\/jardiner-au-naturel\/","og_site_name":"Edenn","article_publisher":"https:\/\/www.facebook.com\/pages\/EDENN-sur-Erdre\/193293197413477?ref=hl","article_modified_time":"2019-02-07T13:53:57+00:00","schema":{"@context":"https:\/\/schema.org","@graph":[{"@type":"WebPage","@id":"https:\/\/www.edenn.fr\/archive\/eau\/jardiner-au-naturel\/","url":"https:\/\/www.edenn.fr\/archive\/eau\/jardiner-au-naturel\/","name":"Jardiner au naturel - Edenn","isPartOf":{"@id":"https:\/\/www.edenn.fr\/archive\/#website"},"datePublished":"2015-02-24T10:04:07+00:00","dateModified":"2019-02-07T13:53:57+00:00","description":"Particulier, collectivit\u00e9 ou jardinerie, l'EDENN vous propose des solutions pour jardiner au naturel et bannir les pesticides de votre liste de courses !","breadcrumb":{"@id":"https:\/\/www.edenn.fr\/archive\/eau\/jardiner-au-naturel\/#breadcrumb"},"inLanguage":"fr-FR","potentialAction":[{"@type":"ReadAction","target":["https:\/\/www.edenn.fr\/archive\/eau\/jardiner-au-naturel\/"]}]},{"@type":"BreadcrumbList","@id":"https:\/\/www.edenn.fr\/archive\/eau\/jardiner-au-naturel\/#breadcrumb","itemListElement":[{"@type":"ListItem","position":1,"name":"Accueil","item":"https:\/\/www.edenn.fr\/archive\/"},{"@type":"ListItem","position":2,"name":"Eau","item":"https:\/\/www.edenn.fr\/archive\/eau\/"},{"@type":"ListItem","position":3,"name":"Jardiner au naturel"}]},{"@type":"WebSite","@id":"https:\/\/www.edenn.fr\/archive\/#website","url":"https:\/\/www.edenn.fr\/archive\/","name":"Edenn","description":"Ensemble pour la reconqu\u00eate de l&#039;Erdre","potentialAction":[{"@type":"SearchAction","target":{"@type":"EntryPoint","urlTemplate":"https:\/\/www.edenn.fr\/archive\/?s={search_term_string}"},"query-input":{"@type":"PropertyValueSpecification","valueRequired":true,"valueName":"search_term_string"}}],"inLanguage":"fr-FR"}]}},"_links":{"self":[{"href":"https:\/\/www.edenn.fr\/archive\/wp-json\/wp\/v2\/pages\/138","targetHints":{"allow":["GET"]}}],"collection":[{"href":"https:\/\/www.edenn.fr\/archive\/wp-json\/wp\/v2\/pages"}],"about":[{"href":"https:\/\/www.edenn.fr\/archive\/wp-json\/wp\/v2\/types\/page"}],"author":[{"embeddable":true,"href":"https:\/\/www.edenn.fr\/archive\/wp-json\/wp\/v2\/users\/2"}],"replies":[{"embeddable":true,"href":"https:\/\/www.edenn.fr\/archive\/wp-json\/wp\/v2\/comments?post=138"}],"version-history":[{"count":29,"href":"https:\/\/www.edenn.fr\/archive\/wp-json\/wp\/v2\/pages\/138\/revisions"}],"predecessor-version":[{"id":6151,"href":"https:\/\/www.edenn.fr\/archive\/wp-json\/wp\/v2\/pages\/138\/revisions\/6151"}],"up":[{"embeddable":true,"href":"https:\/\/www.edenn.fr\/archive\/wp-json\/wp\/v2\/pages\/58"}],"wp:attachment":[{"href":"https:\/\/www.edenn.fr\/archive\/wp-json\/wp\/v2\/media?parent=138"}],"curies":[{"name":"wp","href":"https:\/\/api.w.org\/{rel}","templated":true}]}}