{"id":2198,"date":"2015-05-28T08:52:24","date_gmt":"2015-05-28T08:52:24","guid":{"rendered":"https:\/\/www.edenn.fr\/archive\/?page_id=2198"},"modified":"2018-01-10T15:58:17","modified_gmt":"2018-01-10T15:58:17","slug":"le-territoire","status":"publish","type":"page","link":"https:\/\/www.edenn.fr\/archive\/lerdre\/le-territoire\/","title":{"rendered":"Le territoire"},"content":{"rendered":"<p style=\"text-align: justify;\">Un bassin versant est un territoire d\u00e9limit\u00e9 \u00e0 l\u2019int\u00e9rieur duquel toutes les eaux convergent vers le m\u00eame cours d\u2019eau. Sur son chemin, la rivi\u00e8re collecte l\u2019eau provenant de tous les points du bassin versant.<\/p>\n\n\t\t<style type=\"text\/css\">\n\t\t\t#gallery-1 {\n\t\t\t\tmargin: auto;\n\t\t\t}\n\t\t\t#gallery-1 .gallery-item {\n\t\t\t\tfloat: left;\n\t\t\t\tmargin-top: 10px;\n\t\t\t\ttext-align: center;\n\t\t\t\twidth: 100%;\n\t\t\t}\n\t\t\t#gallery-1 img {\n\t\t\t\tborder: 2px solid #cfcfcf;\n\t\t\t}\n\t\t\t#gallery-1 .gallery-caption {\n\t\t\t\tmargin-left: 0;\n\t\t\t}\n\t\t\t\/* see gallery_shortcode() in wp-includes\/media.php *\/\n\t\t<\/style>\n\t\t<div id='gallery-1' class='gallery galleryid-2198 gallery-columns-1 gallery-size-thumbnail'><dl class='gallery-item'>\n\t\t\t<dt class='gallery-icon landscape'>\n\t\t\t\t<a href='https:\/\/www.edenn.fr\/archive\/wp-content\/uploads\/ER_carte_EPCI.jpeg'><img loading=\"lazy\" decoding=\"async\" width=\"150\" height=\"150\" src=\"https:\/\/www.edenn.fr\/archive\/wp-content\/uploads\/ER_carte_EPCI-150x150.jpeg\" class=\"attachment-thumbnail size-thumbnail\" alt=\"\" aria-describedby=\"gallery-1-2113\" srcset=\"https:\/\/www.edenn.fr\/archive\/wp-content\/uploads\/ER_carte_EPCI-150x150.jpeg 150w, https:\/\/www.edenn.fr\/archive\/wp-content\/uploads\/ER_carte_EPCI-125x125.jpeg 125w\" sizes=\"auto, (max-width: 150px) 100vw, 150px\" \/><\/a>\n\t\t\t<\/dt>\n\t\t\t\t<dd class='wp-caption-text gallery-caption' id='gallery-1-2113'>\n\t\t\t\tEtablissements publics de coop\u00e9ration intercommunale \n\t\t\t\t<\/dd><\/dl><br style=\"clear: both\" \/><dl class='gallery-item'>\n\t\t\t<dt class='gallery-icon landscape'>\n\t\t\t\t<a href='https:\/\/www.edenn.fr\/archive\/wp-content\/uploads\/ER_carte_communes1.jpeg'><img loading=\"lazy\" decoding=\"async\" width=\"150\" height=\"150\" src=\"https:\/\/www.edenn.fr\/archive\/wp-content\/uploads\/ER_carte_communes1-150x150.jpeg\" class=\"attachment-thumbnail size-thumbnail\" alt=\"\" aria-describedby=\"gallery-1-2111\" srcset=\"https:\/\/www.edenn.fr\/archive\/wp-content\/uploads\/ER_carte_communes1-150x150.jpeg 150w, https:\/\/www.edenn.fr\/archive\/wp-content\/uploads\/ER_carte_communes1-125x125.jpeg 125w\" sizes=\"auto, (max-width: 150px) 100vw, 150px\" \/><\/a>\n\t\t\t<\/dt>\n\t\t\t\t<dd class='wp-caption-text gallery-caption' id='gallery-1-2111'>\n\t\t\t\tCommunes du bassin versant de l&rsquo;Erdre\n\t\t\t\t<\/dd><\/dl><br style=\"clear: both\" \/><dl class='gallery-item'>\n\t\t\t<dt class='gallery-icon landscape'>\n\t\t\t\t<a href='https:\/\/www.edenn.fr\/archive\/wp-content\/uploads\/CRBV_CTMA.jpeg'><img loading=\"lazy\" decoding=\"async\" width=\"150\" height=\"150\" src=\"https:\/\/www.edenn.fr\/archive\/wp-content\/uploads\/CRBV_CTMA-150x150.jpeg\" class=\"attachment-thumbnail size-thumbnail\" alt=\"\" aria-describedby=\"gallery-1-2110\" srcset=\"https:\/\/www.edenn.fr\/archive\/wp-content\/uploads\/CRBV_CTMA-150x150.jpeg 150w, https:\/\/www.edenn.fr\/archive\/wp-content\/uploads\/CRBV_CTMA-125x125.jpeg 125w\" sizes=\"auto, (max-width: 150px) 100vw, 150px\" \/><\/a>\n\t\t\t<\/dt>\n\t\t\t\t<dd class='wp-caption-text gallery-caption' id='gallery-1-2110'>\n\t\t\t\tContrat territorial Erdre &#8211; volet Milieux aquatiques\n\t\t\t\t<\/dd><\/dl><br style=\"clear: both\" \/><dl class='gallery-item'>\n\t\t\t<dt class='gallery-icon landscape'>\n\t\t\t\t<a href='https:\/\/www.edenn.fr\/archive\/wp-content\/uploads\/ER_carte_ecluse1.jpeg'><img loading=\"lazy\" decoding=\"async\" width=\"150\" height=\"150\" src=\"https:\/\/www.edenn.fr\/archive\/wp-content\/uploads\/ER_carte_ecluse1-150x150.jpeg\" class=\"attachment-thumbnail size-thumbnail\" alt=\"\" aria-describedby=\"gallery-1-2112\" srcset=\"https:\/\/www.edenn.fr\/archive\/wp-content\/uploads\/ER_carte_ecluse1-150x150.jpeg 150w, https:\/\/www.edenn.fr\/archive\/wp-content\/uploads\/ER_carte_ecluse1-125x125.jpeg 125w\" sizes=\"auto, (max-width: 150px) 100vw, 150px\" \/><\/a>\n\t\t\t<\/dt>\n\t\t\t\t<dd class='wp-caption-text gallery-caption' id='gallery-1-2112'>\n\t\t\t\tLocalisation de l&rsquo;\u00e9cluse Saint-F\u00e9lix\n\t\t\t\t<\/dd><\/dl><br style=\"clear: both\" \/><dl class='gallery-item'>\n\t\t\t<dt class='gallery-icon landscape'>\n\t\t\t\t<a href='https:\/\/www.edenn.fr\/archive\/wp-content\/uploads\/ER_carte_vioreau1.jpeg'><img loading=\"lazy\" decoding=\"async\" width=\"150\" height=\"150\" src=\"https:\/\/www.edenn.fr\/archive\/wp-content\/uploads\/ER_carte_vioreau1-150x150.jpeg\" class=\"attachment-thumbnail size-thumbnail\" alt=\"\" aria-describedby=\"gallery-1-2109\" srcset=\"https:\/\/www.edenn.fr\/archive\/wp-content\/uploads\/ER_carte_vioreau1-150x150.jpeg 150w, https:\/\/www.edenn.fr\/archive\/wp-content\/uploads\/ER_carte_vioreau1-125x125.jpeg 125w\" sizes=\"auto, (max-width: 150px) 100vw, 150px\" \/><\/a>\n\t\t\t<\/dt>\n\t\t\t\t<dd class='wp-caption-text gallery-caption' id='gallery-1-2109'>\n\t\t\t\tLocalisation du lac de Vioreau\n\t\t\t\t<\/dd><\/dl><br style=\"clear: both\" \/>\n\t\t<\/div>\n\n","protected":false},"excerpt":{"rendered":"<p>Un bassin versant est un territoire d\u00e9limit\u00e9 \u00e0 l\u2019int\u00e9rieur duquel toutes les eaux convergent vers le m\u00eame cours d\u2019eau. Sur son chemin, la rivi\u00e8re collecte l\u2019eau provenant de tous les&#8230;  <a class=\"excerpt-read-more\" href=\"https:\/\/www.edenn.fr\/archive\/lerdre\/le-territoire\/\" title=\"Read Le territoire\">Lire la suite &raquo;<\/a><\/p>\n","protected":false},"author":9,"featured_media":0,"parent":56,"menu_order":0,"comment_status":"open","ping_status":"open","template":"template\/standard.php","meta":{"_acf_changed":false,"footnotes":""},"class_list":["post-2198","page","type-page","status-publish","hentry"],"acf":[],"yoast_head":"<!-- This site is optimized with the Yoast SEO plugin v27.3 - https:\/\/yoast.com\/product\/yoast-seo-wordpress\/ -->\n<title>Le territoire - Edenn<\/title>\n<meta name=\"robots\" content=\"index, follow, max-snippet:-1, max-image-preview:large, max-video-preview:-1\" \/>\n<link rel=\"canonical\" href=\"https:\/\/www.edenn.fr\/archive\/lerdre\/le-territoire\/\" \/>\n<meta property=\"og:locale\" content=\"fr_FR\" \/>\n<meta property=\"og:type\" content=\"article\" \/>\n<meta property=\"og:title\" content=\"Le territoire - Edenn\" \/>\n<meta property=\"og:description\" content=\"Un bassin versant est un territoire d\u00e9limit\u00e9 \u00e0 l\u2019int\u00e9rieur duquel toutes les eaux convergent vers le m\u00eame cours d\u2019eau. Sur son chemin, la rivi\u00e8re collecte l\u2019eau provenant de tous les... Lire la suite &raquo;\" \/>\n<meta property=\"og:url\" content=\"https:\/\/www.edenn.fr\/archive\/lerdre\/le-territoire\/\" \/>\n<meta property=\"og:site_name\" content=\"Edenn\" \/>\n<meta property=\"article:publisher\" content=\"https:\/\/www.facebook.com\/pages\/EDENN-sur-Erdre\/193293197413477?ref=hl\" \/>\n<meta property=\"article:modified_time\" content=\"2018-01-10T15:58:17+00:00\" \/>\n<meta property=\"og:image\" content=\"https:\/\/www.edenn.fr\/archive\/wp-content\/uploads\/ER_carte_EPCI-150x150.jpeg\" \/>\n<script type=\"application\/ld+json\" class=\"yoast-schema-graph\">{\"@context\":\"https:\\\/\\\/schema.org\",\"@graph\":[{\"@type\":\"WebPage\",\"@id\":\"https:\\\/\\\/www.edenn.fr\\\/archive\\\/lerdre\\\/le-territoire\\\/\",\"url\":\"https:\\\/\\\/www.edenn.fr\\\/archive\\\/lerdre\\\/le-territoire\\\/\",\"name\":\"Le territoire - Edenn\",\"isPartOf\":{\"@id\":\"https:\\\/\\\/www.edenn.fr\\\/archive\\\/#website\"},\"datePublished\":\"2015-05-28T08:52:24+00:00\",\"dateModified\":\"2018-01-10T15:58:17+00:00\",\"breadcrumb\":{\"@id\":\"https:\\\/\\\/www.edenn.fr\\\/archive\\\/lerdre\\\/le-territoire\\\/#breadcrumb\"},\"inLanguage\":\"fr-FR\",\"potentialAction\":[{\"@type\":\"ReadAction\",\"target\":[\"https:\\\/\\\/www.edenn.fr\\\/archive\\\/lerdre\\\/le-territoire\\\/\"]}]},{\"@type\":\"BreadcrumbList\",\"@id\":\"https:\\\/\\\/www.edenn.fr\\\/archive\\\/lerdre\\\/le-territoire\\\/#breadcrumb\",\"itemListElement\":[{\"@type\":\"ListItem\",\"position\":1,\"name\":\"Accueil\",\"item\":\"https:\\\/\\\/www.edenn.fr\\\/archive\\\/\"},{\"@type\":\"ListItem\",\"position\":2,\"name\":\"Erdre\",\"item\":\"https:\\\/\\\/www.edenn.fr\\\/archive\\\/lerdre\\\/\"},{\"@type\":\"ListItem\",\"position\":3,\"name\":\"Le territoire\"}]},{\"@type\":\"WebSite\",\"@id\":\"https:\\\/\\\/www.edenn.fr\\\/archive\\\/#website\",\"url\":\"https:\\\/\\\/www.edenn.fr\\\/archive\\\/\",\"name\":\"Edenn\",\"description\":\"Ensemble pour la reconqu\u00eate de l&#039;Erdre\",\"potentialAction\":[{\"@type\":\"SearchAction\",\"target\":{\"@type\":\"EntryPoint\",\"urlTemplate\":\"https:\\\/\\\/www.edenn.fr\\\/archive\\\/?s={search_term_string}\"},\"query-input\":{\"@type\":\"PropertyValueSpecification\",\"valueRequired\":true,\"valueName\":\"search_term_string\"}}],\"inLanguage\":\"fr-FR\"}]}<\/script>\n<!-- \/ Yoast SEO plugin. -->","yoast_head_json":{"title":"Le territoire - Edenn","robots":{"index":"index","follow":"follow","max-snippet":"max-snippet:-1","max-image-preview":"max-image-preview:large","max-video-preview":"max-video-preview:-1"},"canonical":"https:\/\/www.edenn.fr\/archive\/lerdre\/le-territoire\/","og_locale":"fr_FR","og_type":"article","og_title":"Le territoire - Edenn","og_description":"Un bassin versant est un territoire d\u00e9limit\u00e9 \u00e0 l\u2019int\u00e9rieur duquel toutes les eaux convergent vers le m\u00eame cours d\u2019eau. Sur son chemin, la rivi\u00e8re collecte l\u2019eau provenant de tous les... Lire la suite &raquo;","og_url":"https:\/\/www.edenn.fr\/archive\/lerdre\/le-territoire\/","og_site_name":"Edenn","article_publisher":"https:\/\/www.facebook.com\/pages\/EDENN-sur-Erdre\/193293197413477?ref=hl","article_modified_time":"2018-01-10T15:58:17+00:00","og_image":[{"url":"https:\/\/www.edenn.fr\/archive\/wp-content\/uploads\/ER_carte_EPCI-150x150.jpeg","type":"","width":"","height":""}],"schema":{"@context":"https:\/\/schema.org","@graph":[{"@type":"WebPage","@id":"https:\/\/www.edenn.fr\/archive\/lerdre\/le-territoire\/","url":"https:\/\/www.edenn.fr\/archive\/lerdre\/le-territoire\/","name":"Le territoire - Edenn","isPartOf":{"@id":"https:\/\/www.edenn.fr\/archive\/#website"},"datePublished":"2015-05-28T08:52:24+00:00","dateModified":"2018-01-10T15:58:17+00:00","breadcrumb":{"@id":"https:\/\/www.edenn.fr\/archive\/lerdre\/le-territoire\/#breadcrumb"},"inLanguage":"fr-FR","potentialAction":[{"@type":"ReadAction","target":["https:\/\/www.edenn.fr\/archive\/lerdre\/le-territoire\/"]}]},{"@type":"BreadcrumbList","@id":"https:\/\/www.edenn.fr\/archive\/lerdre\/le-territoire\/#breadcrumb","itemListElement":[{"@type":"ListItem","position":1,"name":"Accueil","item":"https:\/\/www.edenn.fr\/archive\/"},{"@type":"ListItem","position":2,"name":"Erdre","item":"https:\/\/www.edenn.fr\/archive\/lerdre\/"},{"@type":"ListItem","position":3,"name":"Le territoire"}]},{"@type":"WebSite","@id":"https:\/\/www.edenn.fr\/archive\/#website","url":"https:\/\/www.edenn.fr\/archive\/","name":"Edenn","description":"Ensemble pour la reconqu\u00eate de l&#039;Erdre","potentialAction":[{"@type":"SearchAction","target":{"@type":"EntryPoint","urlTemplate":"https:\/\/www.edenn.fr\/archive\/?s={search_term_string}"},"query-input":{"@type":"PropertyValueSpecification","valueRequired":true,"valueName":"search_term_string"}}],"inLanguage":"fr-FR"}]}},"_links":{"self":[{"href":"https:\/\/www.edenn.fr\/archive\/wp-json\/wp\/v2\/pages\/2198","targetHints":{"allow":["GET"]}}],"collection":[{"href":"https:\/\/www.edenn.fr\/archive\/wp-json\/wp\/v2\/pages"}],"about":[{"href":"https:\/\/www.edenn.fr\/archive\/wp-json\/wp\/v2\/types\/page"}],"author":[{"embeddable":true,"href":"https:\/\/www.edenn.fr\/archive\/wp-json\/wp\/v2\/users\/9"}],"replies":[{"embeddable":true,"href":"https:\/\/www.edenn.fr\/archive\/wp-json\/wp\/v2\/comments?post=2198"}],"version-history":[{"count":10,"href":"https:\/\/www.edenn.fr\/archive\/wp-json\/wp\/v2\/pages\/2198\/revisions"}],"predecessor-version":[{"id":5055,"href":"https:\/\/www.edenn.fr\/archive\/wp-json\/wp\/v2\/pages\/2198\/revisions\/5055"}],"up":[{"embeddable":true,"href":"https:\/\/www.edenn.fr\/archive\/wp-json\/wp\/v2\/pages\/56"}],"wp:attachment":[{"href":"https:\/\/www.edenn.fr\/archive\/wp-json\/wp\/v2\/media?parent=2198"}],"curies":[{"name":"wp","href":"https:\/\/api.w.org\/{rel}","templated":true}]}}