{"id":2735,"date":"2015-07-07T13:53:40","date_gmt":"2015-07-07T13:53:40","guid":{"rendered":"https:\/\/www.edenn.fr\/archive\/?page_id=2735"},"modified":"2023-12-05T15:26:33","modified_gmt":"2023-12-05T15:26:33","slug":"historique-cyanobacteries","status":"publish","type":"page","link":"https:\/\/www.edenn.fr\/archive\/eau\/cyanobacteries\/historique-cyanobacteries\/","title":{"rendered":"Points de mesures"},"content":{"rendered":"","protected":false},"excerpt":{"rendered":"","protected":false},"author":2,"featured_media":0,"parent":148,"menu_order":3,"comment_status":"open","ping_status":"open","template":"template\/historique-cyanobacteries.php","meta":{"_acf_changed":false,"footnotes":""},"class_list":["post-2735","page","type-page","status-publish","hentry"],"acf":[],"yoast_head":"<!-- This site is optimized with the Yoast SEO plugin v27.3 - https:\/\/yoast.com\/product\/yoast-seo-wordpress\/ -->\n<title>Points de mesures - Edenn<\/title>\n<meta name=\"description\" content=\"Cette page regroupe les mesures faites sur les cyanobact\u00e9ries dans le cadre de l&#039;observatoire scientifique de l&#039;Erdre, r\u00e9alis\u00e9 par l&#039;edenn.\" \/>\n<meta name=\"robots\" content=\"index, follow, max-snippet:-1, max-image-preview:large, max-video-preview:-1\" \/>\n<link rel=\"canonical\" href=\"https:\/\/www.edenn.fr\/archive\/eau\/cyanobacteries\/historique-cyanobacteries\/\" \/>\n<meta property=\"og:locale\" content=\"fr_FR\" \/>\n<meta property=\"og:type\" content=\"article\" \/>\n<meta property=\"og:title\" content=\"Points de mesures - Edenn\" \/>\n<meta property=\"og:description\" content=\"Cette page regroupe les mesures faites sur les cyanobact\u00e9ries dans le cadre de l&#039;observatoire scientifique de l&#039;Erdre, r\u00e9alis\u00e9 par l&#039;edenn.\" \/>\n<meta property=\"og:url\" content=\"https:\/\/www.edenn.fr\/archive\/eau\/cyanobacteries\/historique-cyanobacteries\/\" \/>\n<meta property=\"og:site_name\" content=\"Edenn\" \/>\n<meta property=\"article:publisher\" content=\"https:\/\/www.facebook.com\/pages\/EDENN-sur-Erdre\/193293197413477?ref=hl\" \/>\n<meta property=\"article:modified_time\" content=\"2023-12-05T15:26:33+00:00\" \/>\n<script type=\"application\/ld+json\" class=\"yoast-schema-graph\">{\"@context\":\"https:\\\/\\\/schema.org\",\"@graph\":[{\"@type\":\"WebPage\",\"@id\":\"https:\\\/\\\/www.edenn.fr\\\/archive\\\/eau\\\/cyanobacteries\\\/historique-cyanobacteries\\\/\",\"url\":\"https:\\\/\\\/www.edenn.fr\\\/archive\\\/eau\\\/cyanobacteries\\\/historique-cyanobacteries\\\/\",\"name\":\"Points de mesures - Edenn\",\"isPartOf\":{\"@id\":\"https:\\\/\\\/www.edenn.fr\\\/archive\\\/#website\"},\"datePublished\":\"2015-07-07T13:53:40+00:00\",\"dateModified\":\"2023-12-05T15:26:33+00:00\",\"description\":\"Cette page regroupe les mesures faites sur les cyanobact\u00e9ries dans le cadre de l'observatoire scientifique de l'Erdre, r\u00e9alis\u00e9 par l'edenn.\",\"breadcrumb\":{\"@id\":\"https:\\\/\\\/www.edenn.fr\\\/archive\\\/eau\\\/cyanobacteries\\\/historique-cyanobacteries\\\/#breadcrumb\"},\"inLanguage\":\"fr-FR\",\"potentialAction\":[{\"@type\":\"ReadAction\",\"target\":[\"https:\\\/\\\/www.edenn.fr\\\/archive\\\/eau\\\/cyanobacteries\\\/historique-cyanobacteries\\\/\"]}]},{\"@type\":\"BreadcrumbList\",\"@id\":\"https:\\\/\\\/www.edenn.fr\\\/archive\\\/eau\\\/cyanobacteries\\\/historique-cyanobacteries\\\/#breadcrumb\",\"itemListElement\":[{\"@type\":\"ListItem\",\"position\":1,\"name\":\"Accueil\",\"item\":\"https:\\\/\\\/www.edenn.fr\\\/archive\\\/\"},{\"@type\":\"ListItem\",\"position\":2,\"name\":\"Eau\",\"item\":\"https:\\\/\\\/www.edenn.fr\\\/archive\\\/eau\\\/\"},{\"@type\":\"ListItem\",\"position\":3,\"name\":\"Cyanobact\u00e9ries\",\"item\":\"https:\\\/\\\/www.edenn.fr\\\/archive\\\/eau\\\/cyanobacteries\\\/\"},{\"@type\":\"ListItem\",\"position\":4,\"name\":\"Points de mesures\"}]},{\"@type\":\"WebSite\",\"@id\":\"https:\\\/\\\/www.edenn.fr\\\/archive\\\/#website\",\"url\":\"https:\\\/\\\/www.edenn.fr\\\/archive\\\/\",\"name\":\"Edenn\",\"description\":\"Ensemble pour la reconqu\u00eate de l&#039;Erdre\",\"potentialAction\":[{\"@type\":\"SearchAction\",\"target\":{\"@type\":\"EntryPoint\",\"urlTemplate\":\"https:\\\/\\\/www.edenn.fr\\\/archive\\\/?s={search_term_string}\"},\"query-input\":{\"@type\":\"PropertyValueSpecification\",\"valueRequired\":true,\"valueName\":\"search_term_string\"}}],\"inLanguage\":\"fr-FR\"}]}<\/script>\n<!-- \/ Yoast SEO plugin. -->","yoast_head_json":{"title":"Points de mesures - Edenn","description":"Cette page regroupe les mesures faites sur les cyanobact\u00e9ries dans le cadre de l'observatoire scientifique de l'Erdre, r\u00e9alis\u00e9 par l'edenn.","robots":{"index":"index","follow":"follow","max-snippet":"max-snippet:-1","max-image-preview":"max-image-preview:large","max-video-preview":"max-video-preview:-1"},"canonical":"https:\/\/www.edenn.fr\/archive\/eau\/cyanobacteries\/historique-cyanobacteries\/","og_locale":"fr_FR","og_type":"article","og_title":"Points de mesures - Edenn","og_description":"Cette page regroupe les mesures faites sur les cyanobact\u00e9ries dans le cadre de l'observatoire scientifique de l'Erdre, r\u00e9alis\u00e9 par l'edenn.","og_url":"https:\/\/www.edenn.fr\/archive\/eau\/cyanobacteries\/historique-cyanobacteries\/","og_site_name":"Edenn","article_publisher":"https:\/\/www.facebook.com\/pages\/EDENN-sur-Erdre\/193293197413477?ref=hl","article_modified_time":"2023-12-05T15:26:33+00:00","schema":{"@context":"https:\/\/schema.org","@graph":[{"@type":"WebPage","@id":"https:\/\/www.edenn.fr\/archive\/eau\/cyanobacteries\/historique-cyanobacteries\/","url":"https:\/\/www.edenn.fr\/archive\/eau\/cyanobacteries\/historique-cyanobacteries\/","name":"Points de mesures - Edenn","isPartOf":{"@id":"https:\/\/www.edenn.fr\/archive\/#website"},"datePublished":"2015-07-07T13:53:40+00:00","dateModified":"2023-12-05T15:26:33+00:00","description":"Cette page regroupe les mesures faites sur les cyanobact\u00e9ries dans le cadre de l'observatoire scientifique de l'Erdre, r\u00e9alis\u00e9 par l'edenn.","breadcrumb":{"@id":"https:\/\/www.edenn.fr\/archive\/eau\/cyanobacteries\/historique-cyanobacteries\/#breadcrumb"},"inLanguage":"fr-FR","potentialAction":[{"@type":"ReadAction","target":["https:\/\/www.edenn.fr\/archive\/eau\/cyanobacteries\/historique-cyanobacteries\/"]}]},{"@type":"BreadcrumbList","@id":"https:\/\/www.edenn.fr\/archive\/eau\/cyanobacteries\/historique-cyanobacteries\/#breadcrumb","itemListElement":[{"@type":"ListItem","position":1,"name":"Accueil","item":"https:\/\/www.edenn.fr\/archive\/"},{"@type":"ListItem","position":2,"name":"Eau","item":"https:\/\/www.edenn.fr\/archive\/eau\/"},{"@type":"ListItem","position":3,"name":"Cyanobact\u00e9ries","item":"https:\/\/www.edenn.fr\/archive\/eau\/cyanobacteries\/"},{"@type":"ListItem","position":4,"name":"Points de mesures"}]},{"@type":"WebSite","@id":"https:\/\/www.edenn.fr\/archive\/#website","url":"https:\/\/www.edenn.fr\/archive\/","name":"Edenn","description":"Ensemble pour la reconqu\u00eate de l&#039;Erdre","potentialAction":[{"@type":"SearchAction","target":{"@type":"EntryPoint","urlTemplate":"https:\/\/www.edenn.fr\/archive\/?s={search_term_string}"},"query-input":{"@type":"PropertyValueSpecification","valueRequired":true,"valueName":"search_term_string"}}],"inLanguage":"fr-FR"}]}},"_links":{"self":[{"href":"https:\/\/www.edenn.fr\/archive\/wp-json\/wp\/v2\/pages\/2735","targetHints":{"allow":["GET"]}}],"collection":[{"href":"https:\/\/www.edenn.fr\/archive\/wp-json\/wp\/v2\/pages"}],"about":[{"href":"https:\/\/www.edenn.fr\/archive\/wp-json\/wp\/v2\/types\/page"}],"author":[{"embeddable":true,"href":"https:\/\/www.edenn.fr\/archive\/wp-json\/wp\/v2\/users\/2"}],"replies":[{"embeddable":true,"href":"https:\/\/www.edenn.fr\/archive\/wp-json\/wp\/v2\/comments?post=2735"}],"version-history":[{"count":55,"href":"https:\/\/www.edenn.fr\/archive\/wp-json\/wp\/v2\/pages\/2735\/revisions"}],"predecessor-version":[{"id":9960,"href":"https:\/\/www.edenn.fr\/archive\/wp-json\/wp\/v2\/pages\/2735\/revisions\/9960"}],"up":[{"embeddable":true,"href":"https:\/\/www.edenn.fr\/archive\/wp-json\/wp\/v2\/pages\/148"}],"wp:attachment":[{"href":"https:\/\/www.edenn.fr\/archive\/wp-json\/wp\/v2\/media?parent=2735"}],"curies":[{"name":"wp","href":"https:\/\/api.w.org\/{rel}","templated":true}]}}