{"id":608,"date":"2015-03-16T14:44:38","date_gmt":"2015-03-16T14:44:38","guid":{"rendered":"https:\/\/www.edenn.fr\/archive\/?page_id=608"},"modified":"2024-07-24T10:41:17","modified_gmt":"2024-07-24T10:41:17","slug":"agriculture","status":"publish","type":"page","link":"https:\/\/www.edenn.fr\/archive\/eau\/agriculture\/","title":{"rendered":"Agriculture"},"content":{"rendered":"","protected":false},"excerpt":{"rendered":"<p>Les enjeux de la qualit\u00e9 de l\u2019eau, de la pr\u00e9servation de la biodiversit\u00e9 et de la production agricole ne sont pas incompatibles, bien au contraire. La valorisation des prairies, des haies bocag\u00e8res ou encore certaines techniques comme le d\u00e9sherbage m\u00e9canique permettent d\u2019\u00eatre productif tout en influant positivement sur la qualit\u00e9 de l\u2019eau. Dans la volont\u00e9 de promouvoir cette vision multifonctionnelle de l\u2019agriculture, l\u2019EDENN m\u00e8ne diverses actions.<\/p>\n","protected":false},"author":2,"featured_media":0,"parent":58,"menu_order":0,"comment_status":"open","ping_status":"open","template":"template\/standard.php","meta":{"_acf_changed":false,"footnotes":""},"class_list":["post-608","page","type-page","status-publish","hentry"],"acf":[],"yoast_head":"<!-- This site is optimized with the Yoast SEO plugin v27.3 - https:\/\/yoast.com\/product\/yoast-seo-wordpress\/ -->\n<title>Agriculture - Edenn<\/title>\n<meta name=\"description\" content=\"Afin de de promouvoir une vision multifonctionnelle de l\u2019agriculture , l\u2019EDENN m\u00e8ne des actions pour optimiser les pratiques et favoriser des am\u00e9nagements.\" \/>\n<meta name=\"robots\" content=\"index, follow, max-snippet:-1, max-image-preview:large, max-video-preview:-1\" \/>\n<link rel=\"canonical\" href=\"https:\/\/www.edenn.fr\/archive\/eau\/agriculture\/\" \/>\n<meta property=\"og:locale\" content=\"fr_FR\" \/>\n<meta property=\"og:type\" content=\"article\" \/>\n<meta property=\"og:title\" content=\"Agriculture - Edenn\" \/>\n<meta property=\"og:description\" content=\"Afin de de promouvoir une vision multifonctionnelle de l\u2019agriculture , l\u2019EDENN m\u00e8ne des actions pour optimiser les pratiques et favoriser des am\u00e9nagements.\" \/>\n<meta property=\"og:url\" content=\"https:\/\/www.edenn.fr\/archive\/eau\/agriculture\/\" \/>\n<meta property=\"og:site_name\" content=\"Edenn\" \/>\n<meta property=\"article:publisher\" content=\"https:\/\/www.facebook.com\/pages\/EDENN-sur-Erdre\/193293197413477?ref=hl\" \/>\n<meta property=\"article:modified_time\" content=\"2024-07-24T10:41:17+00:00\" \/>\n<script type=\"application\/ld+json\" class=\"yoast-schema-graph\">{\"@context\":\"https:\\\/\\\/schema.org\",\"@graph\":[{\"@type\":\"WebPage\",\"@id\":\"https:\\\/\\\/www.edenn.fr\\\/archive\\\/eau\\\/agriculture\\\/\",\"url\":\"https:\\\/\\\/www.edenn.fr\\\/archive\\\/eau\\\/agriculture\\\/\",\"name\":\"Agriculture - Edenn\",\"isPartOf\":{\"@id\":\"https:\\\/\\\/www.edenn.fr\\\/archive\\\/#website\"},\"datePublished\":\"2015-03-16T14:44:38+00:00\",\"dateModified\":\"2024-07-24T10:41:17+00:00\",\"description\":\"Afin de de promouvoir une vision multifonctionnelle de l\u2019agriculture , l\u2019EDENN m\u00e8ne des actions pour optimiser les pratiques et favoriser des am\u00e9nagements.\",\"breadcrumb\":{\"@id\":\"https:\\\/\\\/www.edenn.fr\\\/archive\\\/eau\\\/agriculture\\\/#breadcrumb\"},\"inLanguage\":\"fr-FR\",\"potentialAction\":[{\"@type\":\"ReadAction\",\"target\":[\"https:\\\/\\\/www.edenn.fr\\\/archive\\\/eau\\\/agriculture\\\/\"]}]},{\"@type\":\"BreadcrumbList\",\"@id\":\"https:\\\/\\\/www.edenn.fr\\\/archive\\\/eau\\\/agriculture\\\/#breadcrumb\",\"itemListElement\":[{\"@type\":\"ListItem\",\"position\":1,\"name\":\"Accueil\",\"item\":\"https:\\\/\\\/www.edenn.fr\\\/archive\\\/\"},{\"@type\":\"ListItem\",\"position\":2,\"name\":\"Eau\",\"item\":\"https:\\\/\\\/www.edenn.fr\\\/archive\\\/eau\\\/\"},{\"@type\":\"ListItem\",\"position\":3,\"name\":\"Agriculture\"}]},{\"@type\":\"WebSite\",\"@id\":\"https:\\\/\\\/www.edenn.fr\\\/archive\\\/#website\",\"url\":\"https:\\\/\\\/www.edenn.fr\\\/archive\\\/\",\"name\":\"Edenn\",\"description\":\"Ensemble pour la reconqu\u00eate de l&#039;Erdre\",\"potentialAction\":[{\"@type\":\"SearchAction\",\"target\":{\"@type\":\"EntryPoint\",\"urlTemplate\":\"https:\\\/\\\/www.edenn.fr\\\/archive\\\/?s={search_term_string}\"},\"query-input\":{\"@type\":\"PropertyValueSpecification\",\"valueRequired\":true,\"valueName\":\"search_term_string\"}}],\"inLanguage\":\"fr-FR\"}]}<\/script>\n<!-- \/ Yoast SEO plugin. -->","yoast_head_json":{"title":"Agriculture - Edenn","description":"Afin de de promouvoir une vision multifonctionnelle de l\u2019agriculture , l\u2019EDENN m\u00e8ne des actions pour optimiser les pratiques et favoriser des am\u00e9nagements.","robots":{"index":"index","follow":"follow","max-snippet":"max-snippet:-1","max-image-preview":"max-image-preview:large","max-video-preview":"max-video-preview:-1"},"canonical":"https:\/\/www.edenn.fr\/archive\/eau\/agriculture\/","og_locale":"fr_FR","og_type":"article","og_title":"Agriculture - Edenn","og_description":"Afin de de promouvoir une vision multifonctionnelle de l\u2019agriculture , l\u2019EDENN m\u00e8ne des actions pour optimiser les pratiques et favoriser des am\u00e9nagements.","og_url":"https:\/\/www.edenn.fr\/archive\/eau\/agriculture\/","og_site_name":"Edenn","article_publisher":"https:\/\/www.facebook.com\/pages\/EDENN-sur-Erdre\/193293197413477?ref=hl","article_modified_time":"2024-07-24T10:41:17+00:00","schema":{"@context":"https:\/\/schema.org","@graph":[{"@type":"WebPage","@id":"https:\/\/www.edenn.fr\/archive\/eau\/agriculture\/","url":"https:\/\/www.edenn.fr\/archive\/eau\/agriculture\/","name":"Agriculture - Edenn","isPartOf":{"@id":"https:\/\/www.edenn.fr\/archive\/#website"},"datePublished":"2015-03-16T14:44:38+00:00","dateModified":"2024-07-24T10:41:17+00:00","description":"Afin de de promouvoir une vision multifonctionnelle de l\u2019agriculture , l\u2019EDENN m\u00e8ne des actions pour optimiser les pratiques et favoriser des am\u00e9nagements.","breadcrumb":{"@id":"https:\/\/www.edenn.fr\/archive\/eau\/agriculture\/#breadcrumb"},"inLanguage":"fr-FR","potentialAction":[{"@type":"ReadAction","target":["https:\/\/www.edenn.fr\/archive\/eau\/agriculture\/"]}]},{"@type":"BreadcrumbList","@id":"https:\/\/www.edenn.fr\/archive\/eau\/agriculture\/#breadcrumb","itemListElement":[{"@type":"ListItem","position":1,"name":"Accueil","item":"https:\/\/www.edenn.fr\/archive\/"},{"@type":"ListItem","position":2,"name":"Eau","item":"https:\/\/www.edenn.fr\/archive\/eau\/"},{"@type":"ListItem","position":3,"name":"Agriculture"}]},{"@type":"WebSite","@id":"https:\/\/www.edenn.fr\/archive\/#website","url":"https:\/\/www.edenn.fr\/archive\/","name":"Edenn","description":"Ensemble pour la reconqu\u00eate de l&#039;Erdre","potentialAction":[{"@type":"SearchAction","target":{"@type":"EntryPoint","urlTemplate":"https:\/\/www.edenn.fr\/archive\/?s={search_term_string}"},"query-input":{"@type":"PropertyValueSpecification","valueRequired":true,"valueName":"search_term_string"}}],"inLanguage":"fr-FR"}]}},"_links":{"self":[{"href":"https:\/\/www.edenn.fr\/archive\/wp-json\/wp\/v2\/pages\/608","targetHints":{"allow":["GET"]}}],"collection":[{"href":"https:\/\/www.edenn.fr\/archive\/wp-json\/wp\/v2\/pages"}],"about":[{"href":"https:\/\/www.edenn.fr\/archive\/wp-json\/wp\/v2\/types\/page"}],"author":[{"embeddable":true,"href":"https:\/\/www.edenn.fr\/archive\/wp-json\/wp\/v2\/users\/2"}],"replies":[{"embeddable":true,"href":"https:\/\/www.edenn.fr\/archive\/wp-json\/wp\/v2\/comments?post=608"}],"version-history":[{"count":51,"href":"https:\/\/www.edenn.fr\/archive\/wp-json\/wp\/v2\/pages\/608\/revisions"}],"predecessor-version":[{"id":10355,"href":"https:\/\/www.edenn.fr\/archive\/wp-json\/wp\/v2\/pages\/608\/revisions\/10355"}],"up":[{"embeddable":true,"href":"https:\/\/www.edenn.fr\/archive\/wp-json\/wp\/v2\/pages\/58"}],"wp:attachment":[{"href":"https:\/\/www.edenn.fr\/archive\/wp-json\/wp\/v2\/media?parent=608"}],"curies":[{"name":"wp","href":"https:\/\/api.w.org\/{rel}","templated":true}]}}