{"id":65,"date":"2015-02-24T08:50:29","date_gmt":"2015-02-24T08:50:29","guid":{"rendered":"https:\/\/www.edenn.fr\/archive\/?page_id=65"},"modified":"2015-05-21T12:30:34","modified_gmt":"2015-05-21T12:30:34","slug":"telechargements","status":"publish","type":"page","link":"https:\/\/www.edenn.fr\/archive\/telechargements\/","title":{"rendered":"T\u00e9l\u00e9chargements"},"content":{"rendered":"","protected":false},"excerpt":{"rendered":"","protected":false},"author":2,"featured_media":0,"parent":0,"menu_order":5,"comment_status":"open","ping_status":"open","template":"template\/landingPage.php","meta":{"_acf_changed":false,"footnotes":""},"class_list":["post-65","page","type-page","status-publish","hentry"],"acf":[],"yoast_head":"<!-- This site is optimized with the Yoast SEO plugin v27.3 - https:\/\/yoast.com\/product\/yoast-seo-wordpress\/ -->\n<title>T\u00e9l\u00e9chargements - Edenn<\/title>\n<meta name=\"description\" content=\"Tous les documents de l&#039;EDENN disponibles en t\u00e9l\u00e9chargement\" \/>\n<meta name=\"robots\" content=\"index, follow, max-snippet:-1, max-image-preview:large, max-video-preview:-1\" \/>\n<link rel=\"canonical\" href=\"https:\/\/www.edenn.fr\/archive\/telechargements\/\" \/>\n<meta property=\"og:locale\" content=\"fr_FR\" \/>\n<meta property=\"og:type\" content=\"article\" \/>\n<meta property=\"og:title\" content=\"T\u00e9l\u00e9chargements - Edenn\" \/>\n<meta property=\"og:description\" content=\"Tous les documents de l&#039;EDENN disponibles en t\u00e9l\u00e9chargement\" \/>\n<meta property=\"og:url\" content=\"https:\/\/www.edenn.fr\/archive\/telechargements\/\" \/>\n<meta property=\"og:site_name\" content=\"Edenn\" \/>\n<meta property=\"article:publisher\" content=\"https:\/\/www.facebook.com\/pages\/EDENN-sur-Erdre\/193293197413477?ref=hl\" \/>\n<meta property=\"article:modified_time\" content=\"2015-05-21T12:30:34+00:00\" \/>\n<script type=\"application\/ld+json\" class=\"yoast-schema-graph\">{\"@context\":\"https:\\\/\\\/schema.org\",\"@graph\":[{\"@type\":\"WebPage\",\"@id\":\"https:\\\/\\\/www.edenn.fr\\\/archive\\\/telechargements\\\/\",\"url\":\"https:\\\/\\\/www.edenn.fr\\\/archive\\\/telechargements\\\/\",\"name\":\"T\u00e9l\u00e9chargements - Edenn\",\"isPartOf\":{\"@id\":\"https:\\\/\\\/www.edenn.fr\\\/archive\\\/#website\"},\"datePublished\":\"2015-02-24T08:50:29+00:00\",\"dateModified\":\"2015-05-21T12:30:34+00:00\",\"description\":\"Tous les documents de l'EDENN disponibles en t\u00e9l\u00e9chargement\",\"breadcrumb\":{\"@id\":\"https:\\\/\\\/www.edenn.fr\\\/archive\\\/telechargements\\\/#breadcrumb\"},\"inLanguage\":\"fr-FR\",\"potentialAction\":[{\"@type\":\"ReadAction\",\"target\":[\"https:\\\/\\\/www.edenn.fr\\\/archive\\\/telechargements\\\/\"]}]},{\"@type\":\"BreadcrumbList\",\"@id\":\"https:\\\/\\\/www.edenn.fr\\\/archive\\\/telechargements\\\/#breadcrumb\",\"itemListElement\":[{\"@type\":\"ListItem\",\"position\":1,\"name\":\"Accueil\",\"item\":\"https:\\\/\\\/www.edenn.fr\\\/archive\\\/\"},{\"@type\":\"ListItem\",\"position\":2,\"name\":\"T\u00e9l\u00e9chargements\"}]},{\"@type\":\"WebSite\",\"@id\":\"https:\\\/\\\/www.edenn.fr\\\/archive\\\/#website\",\"url\":\"https:\\\/\\\/www.edenn.fr\\\/archive\\\/\",\"name\":\"Edenn\",\"description\":\"Ensemble pour la reconqu\u00eate de l&#039;Erdre\",\"potentialAction\":[{\"@type\":\"SearchAction\",\"target\":{\"@type\":\"EntryPoint\",\"urlTemplate\":\"https:\\\/\\\/www.edenn.fr\\\/archive\\\/?s={search_term_string}\"},\"query-input\":{\"@type\":\"PropertyValueSpecification\",\"valueRequired\":true,\"valueName\":\"search_term_string\"}}],\"inLanguage\":\"fr-FR\"}]}<\/script>\n<!-- \/ Yoast SEO plugin. -->","yoast_head_json":{"title":"T\u00e9l\u00e9chargements - Edenn","description":"Tous les documents de l'EDENN disponibles en t\u00e9l\u00e9chargement","robots":{"index":"index","follow":"follow","max-snippet":"max-snippet:-1","max-image-preview":"max-image-preview:large","max-video-preview":"max-video-preview:-1"},"canonical":"https:\/\/www.edenn.fr\/archive\/telechargements\/","og_locale":"fr_FR","og_type":"article","og_title":"T\u00e9l\u00e9chargements - Edenn","og_description":"Tous les documents de l'EDENN disponibles en t\u00e9l\u00e9chargement","og_url":"https:\/\/www.edenn.fr\/archive\/telechargements\/","og_site_name":"Edenn","article_publisher":"https:\/\/www.facebook.com\/pages\/EDENN-sur-Erdre\/193293197413477?ref=hl","article_modified_time":"2015-05-21T12:30:34+00:00","schema":{"@context":"https:\/\/schema.org","@graph":[{"@type":"WebPage","@id":"https:\/\/www.edenn.fr\/archive\/telechargements\/","url":"https:\/\/www.edenn.fr\/archive\/telechargements\/","name":"T\u00e9l\u00e9chargements - Edenn","isPartOf":{"@id":"https:\/\/www.edenn.fr\/archive\/#website"},"datePublished":"2015-02-24T08:50:29+00:00","dateModified":"2015-05-21T12:30:34+00:00","description":"Tous les documents de l'EDENN disponibles en t\u00e9l\u00e9chargement","breadcrumb":{"@id":"https:\/\/www.edenn.fr\/archive\/telechargements\/#breadcrumb"},"inLanguage":"fr-FR","potentialAction":[{"@type":"ReadAction","target":["https:\/\/www.edenn.fr\/archive\/telechargements\/"]}]},{"@type":"BreadcrumbList","@id":"https:\/\/www.edenn.fr\/archive\/telechargements\/#breadcrumb","itemListElement":[{"@type":"ListItem","position":1,"name":"Accueil","item":"https:\/\/www.edenn.fr\/archive\/"},{"@type":"ListItem","position":2,"name":"T\u00e9l\u00e9chargements"}]},{"@type":"WebSite","@id":"https:\/\/www.edenn.fr\/archive\/#website","url":"https:\/\/www.edenn.fr\/archive\/","name":"Edenn","description":"Ensemble pour la reconqu\u00eate de l&#039;Erdre","potentialAction":[{"@type":"SearchAction","target":{"@type":"EntryPoint","urlTemplate":"https:\/\/www.edenn.fr\/archive\/?s={search_term_string}"},"query-input":{"@type":"PropertyValueSpecification","valueRequired":true,"valueName":"search_term_string"}}],"inLanguage":"fr-FR"}]}},"_links":{"self":[{"href":"https:\/\/www.edenn.fr\/archive\/wp-json\/wp\/v2\/pages\/65","targetHints":{"allow":["GET"]}}],"collection":[{"href":"https:\/\/www.edenn.fr\/archive\/wp-json\/wp\/v2\/pages"}],"about":[{"href":"https:\/\/www.edenn.fr\/archive\/wp-json\/wp\/v2\/types\/page"}],"author":[{"embeddable":true,"href":"https:\/\/www.edenn.fr\/archive\/wp-json\/wp\/v2\/users\/2"}],"replies":[{"embeddable":true,"href":"https:\/\/www.edenn.fr\/archive\/wp-json\/wp\/v2\/comments?post=65"}],"version-history":[{"count":1,"href":"https:\/\/www.edenn.fr\/archive\/wp-json\/wp\/v2\/pages\/65\/revisions"}],"predecessor-version":[{"id":66,"href":"https:\/\/www.edenn.fr\/archive\/wp-json\/wp\/v2\/pages\/65\/revisions\/66"}],"wp:attachment":[{"href":"https:\/\/www.edenn.fr\/archive\/wp-json\/wp\/v2\/media?parent=65"}],"curies":[{"name":"wp","href":"https:\/\/api.w.org\/{rel}","templated":true}]}}