{"id":73,"date":"2015-02-24T08:53:26","date_gmt":"2015-02-24T08:53:26","guid":{"rendered":"https:\/\/www.edenn.fr\/archive\/?page_id=73"},"modified":"2024-07-24T10:36:42","modified_gmt":"2024-07-24T10:36:42","slug":"actions","status":"publish","type":"page","link":"https:\/\/www.edenn.fr\/archive\/edenn\/actions\/","title":{"rendered":"Actions"},"content":{"rendered":"<p>L\u2019EDENN m\u00e8ne, des actions qui rel\u00e8vent de 3 th\u00e9matiques : la biodiversit\u00e9, l\u2019eau, les usages.<\/p>\n<ul>\n<li>Pr\u00e9server la biodiversit\u00e9. L\u2019Edenn cherche \u00e0 inventorier, valoriser et pr\u00e9server la biodiversit\u00e9 en concertation avec les acteurs locaux (riverains, communes, entreprises, associations).<\/li>\n<li>Reconqu\u00e9rir la qualit\u00e9 de l\u2019eau. Par des actions, chartes et programmes pour r\u00e9duire les transferts de polluants dans l\u2019eau (phosphore, produits phytosanitaires\u2026) aupr\u00e8s des particuliers, des enseignes de jardineries et des professions agricoles.<\/li>\n<li>Assurer la cohabitation et la s\u00e9curit\u00e9 des usagers. Par la concertation locale, la diffusion des r\u00e9glementations et un suivi sanitaire r\u00e9gulier de la qualit\u00e9 de l\u2019eau.<\/li>\n<\/ul>\n","protected":false},"excerpt":{"rendered":"<p>L\u2019EDENN m\u00e8ne, des actions qui rel\u00e8vent de 3 th\u00e9matiques : la biodiversit\u00e9, l\u2019eau, les usages. Pr\u00e9server la biodiversit\u00e9. L\u2019Edenn cherche \u00e0 inventorier, valoriser et pr\u00e9server la biodiversit\u00e9 en concertation avec&#8230;  <a class=\"excerpt-read-more\" href=\"https:\/\/www.edenn.fr\/archive\/edenn\/actions\/\" title=\"Read Actions\">Lire la suite &raquo;<\/a><\/p>\n","protected":false},"author":2,"featured_media":0,"parent":54,"menu_order":3,"comment_status":"open","ping_status":"open","template":"template\/standard.php","meta":{"_acf_changed":false,"footnotes":""},"class_list":["post-73","page","type-page","status-publish","hentry"],"acf":[],"yoast_head":"<!-- This site is optimized with the Yoast SEO plugin v27.3 - https:\/\/yoast.com\/product\/yoast-seo-wordpress\/ -->\n<title>Actions - Edenn<\/title>\n<meta name=\"description\" content=\"EDENN et ses actions sur le bassin versant de l&#039;Erdre, en faveur de la qualit\u00e9 des eaux, biodiversit\u00e9 et cohabitation des usages\" \/>\n<meta name=\"robots\" content=\"index, follow, max-snippet:-1, max-image-preview:large, max-video-preview:-1\" \/>\n<link rel=\"canonical\" href=\"https:\/\/www.edenn.fr\/archive\/edenn\/actions\/\" \/>\n<meta property=\"og:locale\" content=\"fr_FR\" \/>\n<meta property=\"og:type\" content=\"article\" \/>\n<meta property=\"og:title\" content=\"Actions - Edenn\" \/>\n<meta property=\"og:description\" content=\"EDENN et ses actions sur le bassin versant de l&#039;Erdre, en faveur de la qualit\u00e9 des eaux, biodiversit\u00e9 et cohabitation des usages\" \/>\n<meta property=\"og:url\" content=\"https:\/\/www.edenn.fr\/archive\/edenn\/actions\/\" \/>\n<meta property=\"og:site_name\" content=\"Edenn\" \/>\n<meta property=\"article:publisher\" content=\"https:\/\/www.facebook.com\/pages\/EDENN-sur-Erdre\/193293197413477?ref=hl\" \/>\n<meta property=\"article:modified_time\" content=\"2024-07-24T10:36:42+00:00\" \/>\n<meta name=\"twitter:label1\" content=\"Dur\u00e9e de lecture estim\u00e9e\" \/>\n\t<meta name=\"twitter:data1\" content=\"1 minute\" \/>\n<script type=\"application\/ld+json\" class=\"yoast-schema-graph\">{\"@context\":\"https:\\\/\\\/schema.org\",\"@graph\":[{\"@type\":\"WebPage\",\"@id\":\"https:\\\/\\\/www.edenn.fr\\\/archive\\\/edenn\\\/actions\\\/\",\"url\":\"https:\\\/\\\/www.edenn.fr\\\/archive\\\/edenn\\\/actions\\\/\",\"name\":\"Actions - Edenn\",\"isPartOf\":{\"@id\":\"https:\\\/\\\/www.edenn.fr\\\/archive\\\/#website\"},\"datePublished\":\"2015-02-24T08:53:26+00:00\",\"dateModified\":\"2024-07-24T10:36:42+00:00\",\"description\":\"EDENN et ses actions sur le bassin versant de l'Erdre, en faveur de la qualit\u00e9 des eaux, biodiversit\u00e9 et cohabitation des usages\",\"breadcrumb\":{\"@id\":\"https:\\\/\\\/www.edenn.fr\\\/archive\\\/edenn\\\/actions\\\/#breadcrumb\"},\"inLanguage\":\"fr-FR\",\"potentialAction\":[{\"@type\":\"ReadAction\",\"target\":[\"https:\\\/\\\/www.edenn.fr\\\/archive\\\/edenn\\\/actions\\\/\"]}]},{\"@type\":\"BreadcrumbList\",\"@id\":\"https:\\\/\\\/www.edenn.fr\\\/archive\\\/edenn\\\/actions\\\/#breadcrumb\",\"itemListElement\":[{\"@type\":\"ListItem\",\"position\":1,\"name\":\"Accueil\",\"item\":\"https:\\\/\\\/www.edenn.fr\\\/archive\\\/\"},{\"@type\":\"ListItem\",\"position\":2,\"name\":\"Edenn\",\"item\":\"https:\\\/\\\/www.edenn.fr\\\/archive\\\/edenn\\\/\"},{\"@type\":\"ListItem\",\"position\":3,\"name\":\"Actions\"}]},{\"@type\":\"WebSite\",\"@id\":\"https:\\\/\\\/www.edenn.fr\\\/archive\\\/#website\",\"url\":\"https:\\\/\\\/www.edenn.fr\\\/archive\\\/\",\"name\":\"Edenn\",\"description\":\"Ensemble pour la reconqu\u00eate de l&#039;Erdre\",\"potentialAction\":[{\"@type\":\"SearchAction\",\"target\":{\"@type\":\"EntryPoint\",\"urlTemplate\":\"https:\\\/\\\/www.edenn.fr\\\/archive\\\/?s={search_term_string}\"},\"query-input\":{\"@type\":\"PropertyValueSpecification\",\"valueRequired\":true,\"valueName\":\"search_term_string\"}}],\"inLanguage\":\"fr-FR\"}]}<\/script>\n<!-- \/ Yoast SEO plugin. -->","yoast_head_json":{"title":"Actions - Edenn","description":"EDENN et ses actions sur le bassin versant de l'Erdre, en faveur de la qualit\u00e9 des eaux, biodiversit\u00e9 et cohabitation des usages","robots":{"index":"index","follow":"follow","max-snippet":"max-snippet:-1","max-image-preview":"max-image-preview:large","max-video-preview":"max-video-preview:-1"},"canonical":"https:\/\/www.edenn.fr\/archive\/edenn\/actions\/","og_locale":"fr_FR","og_type":"article","og_title":"Actions - Edenn","og_description":"EDENN et ses actions sur le bassin versant de l'Erdre, en faveur de la qualit\u00e9 des eaux, biodiversit\u00e9 et cohabitation des usages","og_url":"https:\/\/www.edenn.fr\/archive\/edenn\/actions\/","og_site_name":"Edenn","article_publisher":"https:\/\/www.facebook.com\/pages\/EDENN-sur-Erdre\/193293197413477?ref=hl","article_modified_time":"2024-07-24T10:36:42+00:00","twitter_misc":{"Dur\u00e9e de lecture estim\u00e9e":"1 minute"},"schema":{"@context":"https:\/\/schema.org","@graph":[{"@type":"WebPage","@id":"https:\/\/www.edenn.fr\/archive\/edenn\/actions\/","url":"https:\/\/www.edenn.fr\/archive\/edenn\/actions\/","name":"Actions - Edenn","isPartOf":{"@id":"https:\/\/www.edenn.fr\/archive\/#website"},"datePublished":"2015-02-24T08:53:26+00:00","dateModified":"2024-07-24T10:36:42+00:00","description":"EDENN et ses actions sur le bassin versant de l'Erdre, en faveur de la qualit\u00e9 des eaux, biodiversit\u00e9 et cohabitation des usages","breadcrumb":{"@id":"https:\/\/www.edenn.fr\/archive\/edenn\/actions\/#breadcrumb"},"inLanguage":"fr-FR","potentialAction":[{"@type":"ReadAction","target":["https:\/\/www.edenn.fr\/archive\/edenn\/actions\/"]}]},{"@type":"BreadcrumbList","@id":"https:\/\/www.edenn.fr\/archive\/edenn\/actions\/#breadcrumb","itemListElement":[{"@type":"ListItem","position":1,"name":"Accueil","item":"https:\/\/www.edenn.fr\/archive\/"},{"@type":"ListItem","position":2,"name":"Edenn","item":"https:\/\/www.edenn.fr\/archive\/edenn\/"},{"@type":"ListItem","position":3,"name":"Actions"}]},{"@type":"WebSite","@id":"https:\/\/www.edenn.fr\/archive\/#website","url":"https:\/\/www.edenn.fr\/archive\/","name":"Edenn","description":"Ensemble pour la reconqu\u00eate de l&#039;Erdre","potentialAction":[{"@type":"SearchAction","target":{"@type":"EntryPoint","urlTemplate":"https:\/\/www.edenn.fr\/archive\/?s={search_term_string}"},"query-input":{"@type":"PropertyValueSpecification","valueRequired":true,"valueName":"search_term_string"}}],"inLanguage":"fr-FR"}]}},"_links":{"self":[{"href":"https:\/\/www.edenn.fr\/archive\/wp-json\/wp\/v2\/pages\/73","targetHints":{"allow":["GET"]}}],"collection":[{"href":"https:\/\/www.edenn.fr\/archive\/wp-json\/wp\/v2\/pages"}],"about":[{"href":"https:\/\/www.edenn.fr\/archive\/wp-json\/wp\/v2\/types\/page"}],"author":[{"embeddable":true,"href":"https:\/\/www.edenn.fr\/archive\/wp-json\/wp\/v2\/users\/2"}],"replies":[{"embeddable":true,"href":"https:\/\/www.edenn.fr\/archive\/wp-json\/wp\/v2\/comments?post=73"}],"version-history":[{"count":77,"href":"https:\/\/www.edenn.fr\/archive\/wp-json\/wp\/v2\/pages\/73\/revisions"}],"predecessor-version":[{"id":10353,"href":"https:\/\/www.edenn.fr\/archive\/wp-json\/wp\/v2\/pages\/73\/revisions\/10353"}],"up":[{"embeddable":true,"href":"https:\/\/www.edenn.fr\/archive\/wp-json\/wp\/v2\/pages\/54"}],"wp:attachment":[{"href":"https:\/\/www.edenn.fr\/archive\/wp-json\/wp\/v2\/media?parent=73"}],"curies":[{"name":"wp","href":"https:\/\/api.w.org\/{rel}","templated":true}]}}