{"id":8442,"date":"2021-07-06T12:36:32","date_gmt":"2021-07-06T12:36:32","guid":{"rendered":"https:\/\/www.edenn.fr\/archive\/?page_id=8442"},"modified":"2024-07-24T12:46:03","modified_gmt":"2024-07-24T12:46:03","slug":"volet-agricole-2020-2022","status":"publish","type":"page","link":"https:\/\/www.edenn.fr\/archive\/eau\/agriculture\/volet-agricole-2020-2022\/","title":{"rendered":"volet agricole 2020 2022"},"content":{"rendered":"","protected":false},"excerpt":{"rendered":"","protected":false},"author":14,"featured_media":0,"parent":608,"menu_order":0,"comment_status":"closed","ping_status":"closed","template":"template\/standard.php","meta":{"_acf_changed":false,"footnotes":""},"class_list":["post-8442","page","type-page","status-publish","hentry"],"acf":[],"yoast_head":"<!-- This site is optimized with the Yoast SEO plugin v27.3 - https:\/\/yoast.com\/product\/yoast-seo-wordpress\/ -->\n<title>volet agricole 2020 2022 - Edenn<\/title>\n<meta name=\"description\" content=\"Un volet agricole transitoire (2020-2022) en faveur de l&#039;am\u00e9lioration de la qualit\u00e9 de l&#039;eau concentr\u00e9 sur les actions avec les agriculteurs.\" \/>\n<meta name=\"robots\" content=\"index, follow, max-snippet:-1, max-image-preview:large, max-video-preview:-1\" \/>\n<link rel=\"canonical\" href=\"https:\/\/www.edenn.fr\/archive\/eau\/agriculture\/volet-agricole-2020-2022\/\" \/>\n<meta property=\"og:locale\" content=\"fr_FR\" \/>\n<meta property=\"og:type\" content=\"article\" \/>\n<meta property=\"og:title\" content=\"volet agricole 2020 2022 - Edenn\" \/>\n<meta property=\"og:description\" content=\"Un volet agricole transitoire (2020-2022) en faveur de l&#039;am\u00e9lioration de la qualit\u00e9 de l&#039;eau concentr\u00e9 sur les actions avec les agriculteurs.\" \/>\n<meta property=\"og:url\" content=\"https:\/\/www.edenn.fr\/archive\/eau\/agriculture\/volet-agricole-2020-2022\/\" \/>\n<meta property=\"og:site_name\" content=\"Edenn\" \/>\n<meta property=\"article:publisher\" content=\"https:\/\/www.facebook.com\/pages\/EDENN-sur-Erdre\/193293197413477?ref=hl\" \/>\n<meta property=\"article:modified_time\" content=\"2024-07-24T12:46:03+00:00\" \/>\n<script type=\"application\/ld+json\" class=\"yoast-schema-graph\">{\"@context\":\"https:\\\/\\\/schema.org\",\"@graph\":[{\"@type\":\"WebPage\",\"@id\":\"https:\\\/\\\/www.edenn.fr\\\/archive\\\/eau\\\/agriculture\\\/volet-agricole-2020-2022\\\/\",\"url\":\"https:\\\/\\\/www.edenn.fr\\\/archive\\\/eau\\\/agriculture\\\/volet-agricole-2020-2022\\\/\",\"name\":\"volet agricole 2020 2022 - Edenn\",\"isPartOf\":{\"@id\":\"https:\\\/\\\/www.edenn.fr\\\/archive\\\/#website\"},\"datePublished\":\"2021-07-06T12:36:32+00:00\",\"dateModified\":\"2024-07-24T12:46:03+00:00\",\"description\":\"Un volet agricole transitoire (2020-2022) en faveur de l'am\u00e9lioration de la qualit\u00e9 de l'eau concentr\u00e9 sur les actions avec les agriculteurs.\",\"breadcrumb\":{\"@id\":\"https:\\\/\\\/www.edenn.fr\\\/archive\\\/eau\\\/agriculture\\\/volet-agricole-2020-2022\\\/#breadcrumb\"},\"inLanguage\":\"fr-FR\",\"potentialAction\":[{\"@type\":\"ReadAction\",\"target\":[\"https:\\\/\\\/www.edenn.fr\\\/archive\\\/eau\\\/agriculture\\\/volet-agricole-2020-2022\\\/\"]}]},{\"@type\":\"BreadcrumbList\",\"@id\":\"https:\\\/\\\/www.edenn.fr\\\/archive\\\/eau\\\/agriculture\\\/volet-agricole-2020-2022\\\/#breadcrumb\",\"itemListElement\":[{\"@type\":\"ListItem\",\"position\":1,\"name\":\"Accueil\",\"item\":\"https:\\\/\\\/www.edenn.fr\\\/archive\\\/\"},{\"@type\":\"ListItem\",\"position\":2,\"name\":\"Eau\",\"item\":\"https:\\\/\\\/www.edenn.fr\\\/archive\\\/eau\\\/\"},{\"@type\":\"ListItem\",\"position\":3,\"name\":\"Agriculture\",\"item\":\"https:\\\/\\\/www.edenn.fr\\\/archive\\\/eau\\\/agriculture\\\/\"},{\"@type\":\"ListItem\",\"position\":4,\"name\":\"volet agricole 2020 2022\"}]},{\"@type\":\"WebSite\",\"@id\":\"https:\\\/\\\/www.edenn.fr\\\/archive\\\/#website\",\"url\":\"https:\\\/\\\/www.edenn.fr\\\/archive\\\/\",\"name\":\"Edenn\",\"description\":\"Ensemble pour la reconqu\u00eate de l&#039;Erdre\",\"potentialAction\":[{\"@type\":\"SearchAction\",\"target\":{\"@type\":\"EntryPoint\",\"urlTemplate\":\"https:\\\/\\\/www.edenn.fr\\\/archive\\\/?s={search_term_string}\"},\"query-input\":{\"@type\":\"PropertyValueSpecification\",\"valueRequired\":true,\"valueName\":\"search_term_string\"}}],\"inLanguage\":\"fr-FR\"}]}<\/script>\n<!-- \/ Yoast SEO plugin. -->","yoast_head_json":{"title":"volet agricole 2020 2022 - Edenn","description":"Un volet agricole transitoire (2020-2022) en faveur de l'am\u00e9lioration de la qualit\u00e9 de l'eau concentr\u00e9 sur les actions avec les agriculteurs.","robots":{"index":"index","follow":"follow","max-snippet":"max-snippet:-1","max-image-preview":"max-image-preview:large","max-video-preview":"max-video-preview:-1"},"canonical":"https:\/\/www.edenn.fr\/archive\/eau\/agriculture\/volet-agricole-2020-2022\/","og_locale":"fr_FR","og_type":"article","og_title":"volet agricole 2020 2022 - Edenn","og_description":"Un volet agricole transitoire (2020-2022) en faveur de l'am\u00e9lioration de la qualit\u00e9 de l'eau concentr\u00e9 sur les actions avec les agriculteurs.","og_url":"https:\/\/www.edenn.fr\/archive\/eau\/agriculture\/volet-agricole-2020-2022\/","og_site_name":"Edenn","article_publisher":"https:\/\/www.facebook.com\/pages\/EDENN-sur-Erdre\/193293197413477?ref=hl","article_modified_time":"2024-07-24T12:46:03+00:00","schema":{"@context":"https:\/\/schema.org","@graph":[{"@type":"WebPage","@id":"https:\/\/www.edenn.fr\/archive\/eau\/agriculture\/volet-agricole-2020-2022\/","url":"https:\/\/www.edenn.fr\/archive\/eau\/agriculture\/volet-agricole-2020-2022\/","name":"volet agricole 2020 2022 - Edenn","isPartOf":{"@id":"https:\/\/www.edenn.fr\/archive\/#website"},"datePublished":"2021-07-06T12:36:32+00:00","dateModified":"2024-07-24T12:46:03+00:00","description":"Un volet agricole transitoire (2020-2022) en faveur de l'am\u00e9lioration de la qualit\u00e9 de l'eau concentr\u00e9 sur les actions avec les agriculteurs.","breadcrumb":{"@id":"https:\/\/www.edenn.fr\/archive\/eau\/agriculture\/volet-agricole-2020-2022\/#breadcrumb"},"inLanguage":"fr-FR","potentialAction":[{"@type":"ReadAction","target":["https:\/\/www.edenn.fr\/archive\/eau\/agriculture\/volet-agricole-2020-2022\/"]}]},{"@type":"BreadcrumbList","@id":"https:\/\/www.edenn.fr\/archive\/eau\/agriculture\/volet-agricole-2020-2022\/#breadcrumb","itemListElement":[{"@type":"ListItem","position":1,"name":"Accueil","item":"https:\/\/www.edenn.fr\/archive\/"},{"@type":"ListItem","position":2,"name":"Eau","item":"https:\/\/www.edenn.fr\/archive\/eau\/"},{"@type":"ListItem","position":3,"name":"Agriculture","item":"https:\/\/www.edenn.fr\/archive\/eau\/agriculture\/"},{"@type":"ListItem","position":4,"name":"volet agricole 2020 2022"}]},{"@type":"WebSite","@id":"https:\/\/www.edenn.fr\/archive\/#website","url":"https:\/\/www.edenn.fr\/archive\/","name":"Edenn","description":"Ensemble pour la reconqu\u00eate de l&#039;Erdre","potentialAction":[{"@type":"SearchAction","target":{"@type":"EntryPoint","urlTemplate":"https:\/\/www.edenn.fr\/archive\/?s={search_term_string}"},"query-input":{"@type":"PropertyValueSpecification","valueRequired":true,"valueName":"search_term_string"}}],"inLanguage":"fr-FR"}]}},"_links":{"self":[{"href":"https:\/\/www.edenn.fr\/archive\/wp-json\/wp\/v2\/pages\/8442","targetHints":{"allow":["GET"]}}],"collection":[{"href":"https:\/\/www.edenn.fr\/archive\/wp-json\/wp\/v2\/pages"}],"about":[{"href":"https:\/\/www.edenn.fr\/archive\/wp-json\/wp\/v2\/types\/page"}],"author":[{"embeddable":true,"href":"https:\/\/www.edenn.fr\/archive\/wp-json\/wp\/v2\/users\/14"}],"replies":[{"embeddable":true,"href":"https:\/\/www.edenn.fr\/archive\/wp-json\/wp\/v2\/comments?post=8442"}],"version-history":[{"count":83,"href":"https:\/\/www.edenn.fr\/archive\/wp-json\/wp\/v2\/pages\/8442\/revisions"}],"predecessor-version":[{"id":10368,"href":"https:\/\/www.edenn.fr\/archive\/wp-json\/wp\/v2\/pages\/8442\/revisions\/10368"}],"up":[{"embeddable":true,"href":"https:\/\/www.edenn.fr\/archive\/wp-json\/wp\/v2\/pages\/608"}],"wp:attachment":[{"href":"https:\/\/www.edenn.fr\/archive\/wp-json\/wp\/v2\/media?parent=8442"}],"curies":[{"name":"wp","href":"https:\/\/api.w.org\/{rel}","templated":true}]}}