{"id":85,"date":"2015-02-24T09:01:43","date_gmt":"2015-02-24T09:01:43","guid":{"rendered":"https:\/\/www.edenn.fr\/archive\/?page_id=85"},"modified":"2018-07-23T09:02:35","modified_gmt":"2018-07-23T09:02:35","slug":"regle-de-navigation","status":"publish","type":"page","link":"https:\/\/www.edenn.fr\/archive\/lerdre\/navigation\/regle-de-navigation\/","title":{"rendered":"R\u00e8gles de navigation"},"content":{"rendered":"","protected":false},"excerpt":{"rendered":"<p>L&rsquo;erdre est une voie d&rsquo;eau int\u00e9rieure r\u00e9git par diff\u00e9rents code de la navigation dont RPP r\u00e8glement particulier de police, RGP r\u00e8glement g\u00e9n\u00e9ral de police.<\/p>\n","protected":false},"author":2,"featured_media":0,"parent":878,"menu_order":1,"comment_status":"open","ping_status":"open","template":"template\/standard.php","meta":{"_acf_changed":false,"footnotes":""},"class_list":["post-85","page","type-page","status-publish","hentry"],"acf":[],"yoast_head":"<!-- This site is optimized with the Yoast SEO plugin v27.3 - https:\/\/yoast.com\/product\/yoast-seo-wordpress\/ -->\n<title>R\u00e8gles de navigation - Edenn<\/title>\n<meta name=\"description\" content=\"L&#039;erdre est une voie d&#039;eau int\u00e9rieure r\u00e9git par diff\u00e9rents code de la navigation dont RPP r\u00e8glement particulier de police, RGP r\u00e8glement g\u00e9n\u00e9ral de police\" \/>\n<meta name=\"robots\" content=\"index, follow, max-snippet:-1, max-image-preview:large, max-video-preview:-1\" \/>\n<link rel=\"canonical\" href=\"https:\/\/www.edenn.fr\/archive\/lerdre\/navigation\/regle-de-navigation\/\" \/>\n<meta property=\"og:locale\" content=\"fr_FR\" \/>\n<meta property=\"og:type\" content=\"article\" \/>\n<meta property=\"og:title\" content=\"R\u00e8gles de navigation - Edenn\" \/>\n<meta property=\"og:description\" content=\"L&#039;erdre est une voie d&#039;eau int\u00e9rieure r\u00e9git par diff\u00e9rents code de la navigation dont RPP r\u00e8glement particulier de police, RGP r\u00e8glement g\u00e9n\u00e9ral de police\" \/>\n<meta property=\"og:url\" content=\"https:\/\/www.edenn.fr\/archive\/lerdre\/navigation\/regle-de-navigation\/\" \/>\n<meta property=\"og:site_name\" content=\"Edenn\" \/>\n<meta property=\"article:publisher\" content=\"https:\/\/www.facebook.com\/pages\/EDENN-sur-Erdre\/193293197413477?ref=hl\" \/>\n<meta property=\"article:modified_time\" content=\"2018-07-23T09:02:35+00:00\" \/>\n<script type=\"application\/ld+json\" class=\"yoast-schema-graph\">{\"@context\":\"https:\\\/\\\/schema.org\",\"@graph\":[{\"@type\":\"WebPage\",\"@id\":\"https:\\\/\\\/www.edenn.fr\\\/archive\\\/lerdre\\\/navigation\\\/regle-de-navigation\\\/\",\"url\":\"https:\\\/\\\/www.edenn.fr\\\/archive\\\/lerdre\\\/navigation\\\/regle-de-navigation\\\/\",\"name\":\"R\u00e8gles de navigation - Edenn\",\"isPartOf\":{\"@id\":\"https:\\\/\\\/www.edenn.fr\\\/archive\\\/#website\"},\"datePublished\":\"2015-02-24T09:01:43+00:00\",\"dateModified\":\"2018-07-23T09:02:35+00:00\",\"description\":\"L'erdre est une voie d'eau int\u00e9rieure r\u00e9git par diff\u00e9rents code de la navigation dont RPP r\u00e8glement particulier de police, RGP r\u00e8glement g\u00e9n\u00e9ral de police\",\"breadcrumb\":{\"@id\":\"https:\\\/\\\/www.edenn.fr\\\/archive\\\/lerdre\\\/navigation\\\/regle-de-navigation\\\/#breadcrumb\"},\"inLanguage\":\"fr-FR\",\"potentialAction\":[{\"@type\":\"ReadAction\",\"target\":[\"https:\\\/\\\/www.edenn.fr\\\/archive\\\/lerdre\\\/navigation\\\/regle-de-navigation\\\/\"]}]},{\"@type\":\"BreadcrumbList\",\"@id\":\"https:\\\/\\\/www.edenn.fr\\\/archive\\\/lerdre\\\/navigation\\\/regle-de-navigation\\\/#breadcrumb\",\"itemListElement\":[{\"@type\":\"ListItem\",\"position\":1,\"name\":\"Accueil\",\"item\":\"https:\\\/\\\/www.edenn.fr\\\/archive\\\/\"},{\"@type\":\"ListItem\",\"position\":2,\"name\":\"Erdre\",\"item\":\"https:\\\/\\\/www.edenn.fr\\\/archive\\\/lerdre\\\/\"},{\"@type\":\"ListItem\",\"position\":3,\"name\":\"Navigation\",\"item\":\"https:\\\/\\\/www.edenn.fr\\\/archive\\\/lerdre\\\/navigation\\\/\"},{\"@type\":\"ListItem\",\"position\":4,\"name\":\"R\u00e8gles de navigation\"}]},{\"@type\":\"WebSite\",\"@id\":\"https:\\\/\\\/www.edenn.fr\\\/archive\\\/#website\",\"url\":\"https:\\\/\\\/www.edenn.fr\\\/archive\\\/\",\"name\":\"Edenn\",\"description\":\"Ensemble pour la reconqu\u00eate de l&#039;Erdre\",\"potentialAction\":[{\"@type\":\"SearchAction\",\"target\":{\"@type\":\"EntryPoint\",\"urlTemplate\":\"https:\\\/\\\/www.edenn.fr\\\/archive\\\/?s={search_term_string}\"},\"query-input\":{\"@type\":\"PropertyValueSpecification\",\"valueRequired\":true,\"valueName\":\"search_term_string\"}}],\"inLanguage\":\"fr-FR\"}]}<\/script>\n<!-- \/ Yoast SEO plugin. -->","yoast_head_json":{"title":"R\u00e8gles de navigation - Edenn","description":"L'erdre est une voie d'eau int\u00e9rieure r\u00e9git par diff\u00e9rents code de la navigation dont RPP r\u00e8glement particulier de police, RGP r\u00e8glement g\u00e9n\u00e9ral de police","robots":{"index":"index","follow":"follow","max-snippet":"max-snippet:-1","max-image-preview":"max-image-preview:large","max-video-preview":"max-video-preview:-1"},"canonical":"https:\/\/www.edenn.fr\/archive\/lerdre\/navigation\/regle-de-navigation\/","og_locale":"fr_FR","og_type":"article","og_title":"R\u00e8gles de navigation - Edenn","og_description":"L'erdre est une voie d'eau int\u00e9rieure r\u00e9git par diff\u00e9rents code de la navigation dont RPP r\u00e8glement particulier de police, RGP r\u00e8glement g\u00e9n\u00e9ral de police","og_url":"https:\/\/www.edenn.fr\/archive\/lerdre\/navigation\/regle-de-navigation\/","og_site_name":"Edenn","article_publisher":"https:\/\/www.facebook.com\/pages\/EDENN-sur-Erdre\/193293197413477?ref=hl","article_modified_time":"2018-07-23T09:02:35+00:00","schema":{"@context":"https:\/\/schema.org","@graph":[{"@type":"WebPage","@id":"https:\/\/www.edenn.fr\/archive\/lerdre\/navigation\/regle-de-navigation\/","url":"https:\/\/www.edenn.fr\/archive\/lerdre\/navigation\/regle-de-navigation\/","name":"R\u00e8gles de navigation - Edenn","isPartOf":{"@id":"https:\/\/www.edenn.fr\/archive\/#website"},"datePublished":"2015-02-24T09:01:43+00:00","dateModified":"2018-07-23T09:02:35+00:00","description":"L'erdre est une voie d'eau int\u00e9rieure r\u00e9git par diff\u00e9rents code de la navigation dont RPP r\u00e8glement particulier de police, RGP r\u00e8glement g\u00e9n\u00e9ral de police","breadcrumb":{"@id":"https:\/\/www.edenn.fr\/archive\/lerdre\/navigation\/regle-de-navigation\/#breadcrumb"},"inLanguage":"fr-FR","potentialAction":[{"@type":"ReadAction","target":["https:\/\/www.edenn.fr\/archive\/lerdre\/navigation\/regle-de-navigation\/"]}]},{"@type":"BreadcrumbList","@id":"https:\/\/www.edenn.fr\/archive\/lerdre\/navigation\/regle-de-navigation\/#breadcrumb","itemListElement":[{"@type":"ListItem","position":1,"name":"Accueil","item":"https:\/\/www.edenn.fr\/archive\/"},{"@type":"ListItem","position":2,"name":"Erdre","item":"https:\/\/www.edenn.fr\/archive\/lerdre\/"},{"@type":"ListItem","position":3,"name":"Navigation","item":"https:\/\/www.edenn.fr\/archive\/lerdre\/navigation\/"},{"@type":"ListItem","position":4,"name":"R\u00e8gles de navigation"}]},{"@type":"WebSite","@id":"https:\/\/www.edenn.fr\/archive\/#website","url":"https:\/\/www.edenn.fr\/archive\/","name":"Edenn","description":"Ensemble pour la reconqu\u00eate de l&#039;Erdre","potentialAction":[{"@type":"SearchAction","target":{"@type":"EntryPoint","urlTemplate":"https:\/\/www.edenn.fr\/archive\/?s={search_term_string}"},"query-input":{"@type":"PropertyValueSpecification","valueRequired":true,"valueName":"search_term_string"}}],"inLanguage":"fr-FR"}]}},"_links":{"self":[{"href":"https:\/\/www.edenn.fr\/archive\/wp-json\/wp\/v2\/pages\/85","targetHints":{"allow":["GET"]}}],"collection":[{"href":"https:\/\/www.edenn.fr\/archive\/wp-json\/wp\/v2\/pages"}],"about":[{"href":"https:\/\/www.edenn.fr\/archive\/wp-json\/wp\/v2\/types\/page"}],"author":[{"embeddable":true,"href":"https:\/\/www.edenn.fr\/archive\/wp-json\/wp\/v2\/users\/2"}],"replies":[{"embeddable":true,"href":"https:\/\/www.edenn.fr\/archive\/wp-json\/wp\/v2\/comments?post=85"}],"version-history":[{"count":37,"href":"https:\/\/www.edenn.fr\/archive\/wp-json\/wp\/v2\/pages\/85\/revisions"}],"predecessor-version":[{"id":5591,"href":"https:\/\/www.edenn.fr\/archive\/wp-json\/wp\/v2\/pages\/85\/revisions\/5591"}],"up":[{"embeddable":true,"href":"https:\/\/www.edenn.fr\/archive\/wp-json\/wp\/v2\/pages\/878"}],"wp:attachment":[{"href":"https:\/\/www.edenn.fr\/archive\/wp-json\/wp\/v2\/media?parent=85"}],"curies":[{"name":"wp","href":"https:\/\/api.w.org\/{rel}","templated":true}]}}