{"id":896,"date":"2015-03-19T14:56:56","date_gmt":"2015-03-19T14:56:56","guid":{"rendered":"https:\/\/www.edenn.fr\/archive\/?page_id=896"},"modified":"2024-10-15T08:12:37","modified_gmt":"2024-10-15T08:12:37","slug":"marches-publics-2","status":"publish","type":"page","link":"https:\/\/www.edenn.fr\/archive\/edenn\/marches-publics-2\/","title":{"rendered":"March\u00e9s publics"},"content":{"rendered":"<table style=\"height: 62px;\" width=\"847\">\n<tbody>\n<tr>\n<td><\/td>\n<td><\/td>\n<td><\/td>\n<td><\/td>\n<td><\/td>\n<\/tr>\n<tr>\n<td><\/td>\n<td><\/td>\n<td><\/td>\n<td><\/td>\n<td><\/td>\n<\/tr>\n<\/tbody>\n<\/table>\n","protected":false},"excerpt":{"rendered":"","protected":false},"author":4,"featured_media":0,"parent":54,"menu_order":0,"comment_status":"open","ping_status":"open","template":"template\/standard.php","meta":{"_acf_changed":false,"footnotes":""},"class_list":["post-896","page","type-page","status-publish","hentry"],"acf":[],"yoast_head":"<!-- This site is optimized with the Yoast SEO plugin v27.3 - https:\/\/yoast.com\/product\/yoast-seo-wordpress\/ -->\n<title>March\u00e9s publics - Edenn<\/title>\n<meta name=\"description\" content=\"Les march\u00e9s publics de l&#039;EDENN, en cours d&#039;appel public \u00e0 la concurrence ou d\u00e9j\u00e0 conclus\" \/>\n<meta name=\"robots\" content=\"index, follow, max-snippet:-1, max-image-preview:large, max-video-preview:-1\" \/>\n<link rel=\"canonical\" href=\"https:\/\/www.edenn.fr\/archive\/edenn\/marches-publics-2\/\" \/>\n<meta property=\"og:locale\" content=\"fr_FR\" \/>\n<meta property=\"og:type\" content=\"article\" \/>\n<meta property=\"og:title\" content=\"March\u00e9s publics - Edenn\" \/>\n<meta property=\"og:description\" content=\"Les march\u00e9s publics de l&#039;EDENN, en cours d&#039;appel public \u00e0 la concurrence ou d\u00e9j\u00e0 conclus\" \/>\n<meta property=\"og:url\" content=\"https:\/\/www.edenn.fr\/archive\/edenn\/marches-publics-2\/\" \/>\n<meta property=\"og:site_name\" content=\"Edenn\" \/>\n<meta property=\"article:publisher\" content=\"https:\/\/www.facebook.com\/pages\/EDENN-sur-Erdre\/193293197413477?ref=hl\" \/>\n<meta property=\"article:modified_time\" content=\"2024-10-15T08:12:37+00:00\" \/>\n<script type=\"application\/ld+json\" class=\"yoast-schema-graph\">{\"@context\":\"https:\\\/\\\/schema.org\",\"@graph\":[{\"@type\":\"WebPage\",\"@id\":\"https:\\\/\\\/www.edenn.fr\\\/archive\\\/edenn\\\/marches-publics-2\\\/\",\"url\":\"https:\\\/\\\/www.edenn.fr\\\/archive\\\/edenn\\\/marches-publics-2\\\/\",\"name\":\"March\u00e9s publics - Edenn\",\"isPartOf\":{\"@id\":\"https:\\\/\\\/www.edenn.fr\\\/archive\\\/#website\"},\"datePublished\":\"2015-03-19T14:56:56+00:00\",\"dateModified\":\"2024-10-15T08:12:37+00:00\",\"description\":\"Les march\u00e9s publics de l'EDENN, en cours d'appel public \u00e0 la concurrence ou d\u00e9j\u00e0 conclus\",\"breadcrumb\":{\"@id\":\"https:\\\/\\\/www.edenn.fr\\\/archive\\\/edenn\\\/marches-publics-2\\\/#breadcrumb\"},\"inLanguage\":\"fr-FR\",\"potentialAction\":[{\"@type\":\"ReadAction\",\"target\":[\"https:\\\/\\\/www.edenn.fr\\\/archive\\\/edenn\\\/marches-publics-2\\\/\"]}]},{\"@type\":\"BreadcrumbList\",\"@id\":\"https:\\\/\\\/www.edenn.fr\\\/archive\\\/edenn\\\/marches-publics-2\\\/#breadcrumb\",\"itemListElement\":[{\"@type\":\"ListItem\",\"position\":1,\"name\":\"Accueil\",\"item\":\"https:\\\/\\\/www.edenn.fr\\\/archive\\\/\"},{\"@type\":\"ListItem\",\"position\":2,\"name\":\"Edenn\",\"item\":\"https:\\\/\\\/www.edenn.fr\\\/archive\\\/edenn\\\/\"},{\"@type\":\"ListItem\",\"position\":3,\"name\":\"March\u00e9s publics\"}]},{\"@type\":\"WebSite\",\"@id\":\"https:\\\/\\\/www.edenn.fr\\\/archive\\\/#website\",\"url\":\"https:\\\/\\\/www.edenn.fr\\\/archive\\\/\",\"name\":\"Edenn\",\"description\":\"Ensemble pour la reconqu\u00eate de l&#039;Erdre\",\"potentialAction\":[{\"@type\":\"SearchAction\",\"target\":{\"@type\":\"EntryPoint\",\"urlTemplate\":\"https:\\\/\\\/www.edenn.fr\\\/archive\\\/?s={search_term_string}\"},\"query-input\":{\"@type\":\"PropertyValueSpecification\",\"valueRequired\":true,\"valueName\":\"search_term_string\"}}],\"inLanguage\":\"fr-FR\"}]}<\/script>\n<!-- \/ Yoast SEO plugin. -->","yoast_head_json":{"title":"March\u00e9s publics - Edenn","description":"Les march\u00e9s publics de l'EDENN, en cours d'appel public \u00e0 la concurrence ou d\u00e9j\u00e0 conclus","robots":{"index":"index","follow":"follow","max-snippet":"max-snippet:-1","max-image-preview":"max-image-preview:large","max-video-preview":"max-video-preview:-1"},"canonical":"https:\/\/www.edenn.fr\/archive\/edenn\/marches-publics-2\/","og_locale":"fr_FR","og_type":"article","og_title":"March\u00e9s publics - Edenn","og_description":"Les march\u00e9s publics de l'EDENN, en cours d'appel public \u00e0 la concurrence ou d\u00e9j\u00e0 conclus","og_url":"https:\/\/www.edenn.fr\/archive\/edenn\/marches-publics-2\/","og_site_name":"Edenn","article_publisher":"https:\/\/www.facebook.com\/pages\/EDENN-sur-Erdre\/193293197413477?ref=hl","article_modified_time":"2024-10-15T08:12:37+00:00","schema":{"@context":"https:\/\/schema.org","@graph":[{"@type":"WebPage","@id":"https:\/\/www.edenn.fr\/archive\/edenn\/marches-publics-2\/","url":"https:\/\/www.edenn.fr\/archive\/edenn\/marches-publics-2\/","name":"March\u00e9s publics - Edenn","isPartOf":{"@id":"https:\/\/www.edenn.fr\/archive\/#website"},"datePublished":"2015-03-19T14:56:56+00:00","dateModified":"2024-10-15T08:12:37+00:00","description":"Les march\u00e9s publics de l'EDENN, en cours d'appel public \u00e0 la concurrence ou d\u00e9j\u00e0 conclus","breadcrumb":{"@id":"https:\/\/www.edenn.fr\/archive\/edenn\/marches-publics-2\/#breadcrumb"},"inLanguage":"fr-FR","potentialAction":[{"@type":"ReadAction","target":["https:\/\/www.edenn.fr\/archive\/edenn\/marches-publics-2\/"]}]},{"@type":"BreadcrumbList","@id":"https:\/\/www.edenn.fr\/archive\/edenn\/marches-publics-2\/#breadcrumb","itemListElement":[{"@type":"ListItem","position":1,"name":"Accueil","item":"https:\/\/www.edenn.fr\/archive\/"},{"@type":"ListItem","position":2,"name":"Edenn","item":"https:\/\/www.edenn.fr\/archive\/edenn\/"},{"@type":"ListItem","position":3,"name":"March\u00e9s publics"}]},{"@type":"WebSite","@id":"https:\/\/www.edenn.fr\/archive\/#website","url":"https:\/\/www.edenn.fr\/archive\/","name":"Edenn","description":"Ensemble pour la reconqu\u00eate de l&#039;Erdre","potentialAction":[{"@type":"SearchAction","target":{"@type":"EntryPoint","urlTemplate":"https:\/\/www.edenn.fr\/archive\/?s={search_term_string}"},"query-input":{"@type":"PropertyValueSpecification","valueRequired":true,"valueName":"search_term_string"}}],"inLanguage":"fr-FR"}]}},"_links":{"self":[{"href":"https:\/\/www.edenn.fr\/archive\/wp-json\/wp\/v2\/pages\/896","targetHints":{"allow":["GET"]}}],"collection":[{"href":"https:\/\/www.edenn.fr\/archive\/wp-json\/wp\/v2\/pages"}],"about":[{"href":"https:\/\/www.edenn.fr\/archive\/wp-json\/wp\/v2\/types\/page"}],"author":[{"embeddable":true,"href":"https:\/\/www.edenn.fr\/archive\/wp-json\/wp\/v2\/users\/4"}],"replies":[{"embeddable":true,"href":"https:\/\/www.edenn.fr\/archive\/wp-json\/wp\/v2\/comments?post=896"}],"version-history":[{"count":39,"href":"https:\/\/www.edenn.fr\/archive\/wp-json\/wp\/v2\/pages\/896\/revisions"}],"predecessor-version":[{"id":10503,"href":"https:\/\/www.edenn.fr\/archive\/wp-json\/wp\/v2\/pages\/896\/revisions\/10503"}],"up":[{"embeddable":true,"href":"https:\/\/www.edenn.fr\/archive\/wp-json\/wp\/v2\/pages\/54"}],"wp:attachment":[{"href":"https:\/\/www.edenn.fr\/archive\/wp-json\/wp\/v2\/media?parent=896"}],"curies":[{"name":"wp","href":"https:\/\/api.w.org\/{rel}","templated":true}]}}